{"id":2987,"date":"2020-11-03T11:21:17","date_gmt":"2020-12-14T09:09:49","guid":{"rendered":"http:\/\/rayt.com\/?post_type=product&#038;p=2987"},"modified":"2021-02-19T15:47:46","modified_gmt":"2021-02-19T15:47:46","slug":"g-6735-n","status":"publish","type":"product","link":"https:\/\/rayt.com\/fr\/producto\/g-6735-n\/","title":{"rendered":"G-6735-N"},"content":{"rendered":"<p>ADH\u00c9SIF THERMOFUSIBLE STANDARD POUR LA FORMATION ET SC\u00c9LLAGE DE BO\u00ceTES CARTON.<br \/>\nAdh\u00e9sif thermofusible appropri\u00e9 pour la formation et scellage des bo\u00eetes en carton sur des machines automatiques, des plateaux de formation et bo\u00eetes \u00ab\u00a0wrap-around\u00a0\u00bb.<\/p>\n<h4>CARACTERISTIQUES<\/h4>\n<p>Utilisez toute l\u0092ann\u00e9e dans des conditions environnementales non extr\u00eames.<br \/>\nVersatilit\u00e9 \u00e9lev\u00e9e et bonne performance dans de mat\u00e9riaux difficiles.<br \/>\nHot-melt de vitesse moyenne pour usage g\u00e9n\u00e9rale.<br \/>\nTemp\u00e9rature d&rsquo;application: 150-180\u00baC.<br \/>\nBonne r\u00e9sistance \u00e0 la chaleur.<br \/>\nTemps de s\u00e9chage curt.<br \/>\nConforme FDA 175.105 pour contact alimentaire indirect.<\/p>\n","protected":false},"excerpt":{"rendered":"<p>ADH\u00c9SIF THERMOFUSIBLE STANDARD POUR LA FORMATION ET SC\u00c9LLAGE DE BO\u00ceTES<\/p>\n","protected":false},"featured_media":2841,"comment_status":"open","ping_status":"closed","template":"","meta":{"_acf_changed":false},"product_cat":[1013,1791,1091,978,981,665,747,999,995,680,671,656,677,662,994,1085,674,683,659,668,1782,1777,1774,1707,1673,1650,1649,1648,1647,1645,1643,1590,1296,1283,602,975,1010,653],"product_tag":[],"acf":[],"_links":{"self":[{"href":"https:\/\/rayt.com\/fr\/wp-json\/wp\/v2\/product\/2987"}],"collection":[{"href":"https:\/\/rayt.com\/fr\/wp-json\/wp\/v2\/product"}],"about":[{"href":"https:\/\/rayt.com\/fr\/wp-json\/wp\/v2\/types\/product"}],"replies":[{"embeddable":true,"href":"https:\/\/rayt.com\/fr\/wp-json\/wp\/v2\/comments?post=2987"}],"wp:featuredmedia":[{"embeddable":true,"href":"https:\/\/rayt.com\/fr\/wp-json\/wp\/v2\/media\/2841"}],"wp:attachment":[{"href":"https:\/\/rayt.com\/fr\/wp-json\/wp\/v2\/media?parent=2987"}],"wp:term":[{"taxonomy":"product_cat","embeddable":true,"href":"https:\/\/rayt.com\/fr\/wp-json\/wp\/v2\/product_cat?post=2987"},{"taxonomy":"product_tag","embeddable":true,"href":"https:\/\/rayt.com\/fr\/wp-json\/wp\/v2\/product_tag?post=2987"}],"curies":[{"name":"wp","href":"https:\/\/api.w.org\/{rel}","templated":true}]}}