{"id":3001,"date":"2020-11-03T11:26:44","date_gmt":"2020-12-14T09:28:47","guid":{"rendered":"http:\/\/rayt.com\/?post_type=product&#038;p=3001"},"modified":"2021-02-19T15:45:24","modified_gmt":"2021-02-19T15:45:24","slug":"g-6735-rr","status":"publish","type":"product","link":"https:\/\/rayt.com\/fr\/producto\/g-6735-rr\/","title":{"rendered":"G-6735-RR"},"content":{"rendered":"<p>HOT-MELT TR\u00c8S RAPIDE POUR LA FORMATION ET FERMETURE DE BO\u00ceTES EN CARTON DANS R\u00c9GIONS CHAUDES.<br \/>\nAdh\u00e9sif appropri\u00e9 \u00e0 la formation et scellage de cartons.<br \/>\nSes caract\u00e9ristiques lui conf\u00e8rent une grande polyvalence, \u00e9tant possible le collage de cartons trait\u00e9es et non trait\u00e9es.<br \/>\nPrise rapide, id\u00e9al pour des temp\u00e9ratures ambiantes \u00e9lev\u00e9es.<\/p>\n<h4>CARACTERISTIQUES<\/h4>\n<p>Le meilleur choix quand une haute vitesse de s\u00e9chage est n\u00e9cessaire dans des bo\u00eetes \u00e0 cartons compliqu\u00e9s.<br \/>\nPour des conditions de temp\u00e9rature ambiante \u00e9lev\u00e9e.<br \/>\nTemp\u00e9rature d&rsquo;application: 150-180\u00baC.<br \/>\nExcellente r\u00e9sistance \u00e0 la chaleur.<br \/>\nHot-melt de vitesse \u00e9lev\u00e9e.<br \/>\nTemps de s\u00e9chage curt.<br \/>\nConforme FDA 175.105 pour contact alimentaire indirect.<\/p>\n","protected":false},"excerpt":{"rendered":"<p>HOT-MELT TR\u00c8S RAPIDE POUR LA FORMATION ET FERMETURE DE BO\u00ceTES<\/p>\n","protected":false},"featured_media":2841,"comment_status":"open","ping_status":"closed","template":"","meta":{"_acf_changed":false},"product_cat":[1013,1791,1091,978,981,665,747,999,995,680,671,656,677,662,994,1085,674,683,659,668,1590,1782,1777,1707,1673,1650,1649,1648,1647,1645,1643,1296,1283,602,975,1010,653],"product_tag":[],"acf":[],"_links":{"self":[{"href":"https:\/\/rayt.com\/fr\/wp-json\/wp\/v2\/product\/3001"}],"collection":[{"href":"https:\/\/rayt.com\/fr\/wp-json\/wp\/v2\/product"}],"about":[{"href":"https:\/\/rayt.com\/fr\/wp-json\/wp\/v2\/types\/product"}],"replies":[{"embeddable":true,"href":"https:\/\/rayt.com\/fr\/wp-json\/wp\/v2\/comments?post=3001"}],"wp:featuredmedia":[{"embeddable":true,"href":"https:\/\/rayt.com\/fr\/wp-json\/wp\/v2\/media\/2841"}],"wp:attachment":[{"href":"https:\/\/rayt.com\/fr\/wp-json\/wp\/v2\/media?parent=3001"}],"wp:term":[{"taxonomy":"product_cat","embeddable":true,"href":"https:\/\/rayt.com\/fr\/wp-json\/wp\/v2\/product_cat?post=3001"},{"taxonomy":"product_tag","embeddable":true,"href":"https:\/\/rayt.com\/fr\/wp-json\/wp\/v2\/product_tag?post=3001"}],"curies":[{"name":"wp","href":"https:\/\/api.w.org\/{rel}","templated":true}]}}