{"id":3007,"date":"2020-11-03T11:28:20","date_gmt":"2020-12-14T09:38:02","guid":{"rendered":"http:\/\/rayt.com\/?post_type=product&#038;p=3007"},"modified":"2021-02-19T15:43:44","modified_gmt":"2021-02-19T15:43:44","slug":"g-6735-rs","status":"publish","type":"product","link":"https:\/\/rayt.com\/fr\/producto\/g-6735-rs\/","title":{"rendered":"G-6735-RS"},"content":{"rendered":"<p>ADH\u00c9SIF THERMOFUSIBLE FLEXIBLE POUR LA FORMATION ET SC\u00c9LLAGE DE BO\u00ceTES DIFFICILES.<br \/>\nAdh\u00e9sif appropri\u00e9 pour la formation et scellage de bo\u00eetes et cartons.<br \/>\nParticuli\u00e8rement adapt\u00e9 pour le collage de mat\u00e9riaux avec une sorte de rev\u00eatement (paraffine, PE, vernis, etc.) tels que les plateaux horticoles avec traitement anti-humidit\u00e9.<\/p>\n<h4>CARACTERISTIQUES<\/h4>\n<p>Sp\u00e9cialement appropri\u00e9 pour l&rsquo;adh\u00e9sion des mat\u00e9riaux avec quelque type de rev\u00eatement (paraffine, PE, vernis, etc).<br \/>\nTr\u00e8s appropri\u00e9 pour la formation de plateaux pour l&rsquo;agriculture avec rev\u00eatement contre l&rsquo;humidit\u00e9.<br \/>\nFormation et fermeture des bo\u00eetes en carton dans de machines automatiques.<br \/>\nTemp\u00e9rature d&rsquo;application: 150-180\u00baC.<br \/>\nTemps de s\u00e9chage moyen.<br \/>\nConforme FDA 175.105 pour contact alimentaire indirect.<\/p>\n","protected":false},"excerpt":{"rendered":"<p>ADH\u00c9SIF THERMOFUSIBLE FLEXIBLE POUR LA FORMATION ET SC\u00c9LLAGE DE BO\u00ceTES<\/p>\n","protected":false},"featured_media":2841,"comment_status":"open","ping_status":"closed","template":"","meta":{"_acf_changed":false},"product_cat":[1013,1791,1091,978,981,665,747,999,995,680,671,656,677,662,994,1085,674,683,659,668,1782,1777,1774,1707,1673,1650,1649,1648,1647,1645,1643,1590,1296,1283,602,975,1010,653],"product_tag":[],"acf":[],"_links":{"self":[{"href":"https:\/\/rayt.com\/fr\/wp-json\/wp\/v2\/product\/3007"}],"collection":[{"href":"https:\/\/rayt.com\/fr\/wp-json\/wp\/v2\/product"}],"about":[{"href":"https:\/\/rayt.com\/fr\/wp-json\/wp\/v2\/types\/product"}],"replies":[{"embeddable":true,"href":"https:\/\/rayt.com\/fr\/wp-json\/wp\/v2\/comments?post=3007"}],"wp:featuredmedia":[{"embeddable":true,"href":"https:\/\/rayt.com\/fr\/wp-json\/wp\/v2\/media\/2841"}],"wp:attachment":[{"href":"https:\/\/rayt.com\/fr\/wp-json\/wp\/v2\/media?parent=3007"}],"wp:term":[{"taxonomy":"product_cat","embeddable":true,"href":"https:\/\/rayt.com\/fr\/wp-json\/wp\/v2\/product_cat?post=3007"},{"taxonomy":"product_tag","embeddable":true,"href":"https:\/\/rayt.com\/fr\/wp-json\/wp\/v2\/product_tag?post=3007"}],"curies":[{"name":"wp","href":"https:\/\/api.w.org\/{rel}","templated":true}]}}