{"id":3008,"date":"2020-10-28T08:53:04","date_gmt":"2020-12-14T09:38:53","guid":{"rendered":"http:\/\/rayt.com\/?post_type=product&#038;p=3008"},"modified":"2021-02-12T08:37:35","modified_gmt":"2021-02-12T08:37:35","slug":"g-1718-nw","status":"publish","type":"product","link":"https:\/\/rayt.com\/fr\/producto\/g-1718-nw\/","title":{"rendered":"G-1718-NW"},"content":{"rendered":"<div id=\"description_content\" class=\"rte align_justify\">\n<div id=\"description_content\" class=\"rte align_justify\">\n<div id=\"description_content\" class=\"rte align_justify\">\n<p>ADH\u00c9SIF EN DISPERSION AQUEUSE. CONSOLIDATION POUR TISS\u00da NON-TISS\u00c9. R\u00c9SISTANT \u00c0 L&rsquo;HUMIDIT\u00c9<\/p>\n<\/div>\n<div id=\"description_content\" class=\"rte align_justify\">\n<p>Tr\u00e8s appropri\u00e9 pour une utilisation dans l&rsquo;industrie textile comme consolidation pour la finition des produits non-tiss\u00e9s.<br \/>\nIl a une bonne stabilit\u00e9 m\u00e9canique et s\u00e9chage rapide.<\/p>\n<\/div>\n<\/div>\n<\/div>\n<h4>CARACTERISTIQUES<\/h4>\n<p>Consolidation pour la finition de tiss\u00fa non-tiss\u00e9.<br \/>\nExcellente stabilit\u00e9 m\u00e9canique.<br \/>\nBonne r\u00e9sistance \u00e0 l&rsquo;eau.<br \/>\nS\u00e9chage rapide.<\/p>\n","protected":false},"excerpt":{"rendered":"<p>ADH\u00c9SIF EN DISPERSION AQUEUSE. CONSOLIDATION POUR TISS\u00da NON-TISS\u00c9. R\u00c9SISTANT \u00c0<\/p>\n","protected":false},"featured_media":2996,"comment_status":"open","ping_status":"closed","template":"","meta":{"_acf_changed":false},"product_cat":[807,804,810,1471,602],"product_tag":[],"acf":[],"_links":{"self":[{"href":"https:\/\/rayt.com\/fr\/wp-json\/wp\/v2\/product\/3008"}],"collection":[{"href":"https:\/\/rayt.com\/fr\/wp-json\/wp\/v2\/product"}],"about":[{"href":"https:\/\/rayt.com\/fr\/wp-json\/wp\/v2\/types\/product"}],"replies":[{"embeddable":true,"href":"https:\/\/rayt.com\/fr\/wp-json\/wp\/v2\/comments?post=3008"}],"wp:featuredmedia":[{"embeddable":true,"href":"https:\/\/rayt.com\/fr\/wp-json\/wp\/v2\/media\/2996"}],"wp:attachment":[{"href":"https:\/\/rayt.com\/fr\/wp-json\/wp\/v2\/media?parent=3008"}],"wp:term":[{"taxonomy":"product_cat","embeddable":true,"href":"https:\/\/rayt.com\/fr\/wp-json\/wp\/v2\/product_cat?post=3008"},{"taxonomy":"product_tag","embeddable":true,"href":"https:\/\/rayt.com\/fr\/wp-json\/wp\/v2\/product_tag?post=3008"}],"curies":[{"name":"wp","href":"https:\/\/api.w.org\/{rel}","templated":true}]}}