{"id":3019,"date":"2020-10-28T08:34:42","date_gmt":"2020-12-14T09:54:40","guid":{"rendered":"http:\/\/rayt.com\/?post_type=product&#038;p=3019"},"modified":"2021-02-12T10:14:51","modified_gmt":"2021-02-12T10:14:51","slug":"g-6782","status":"publish","type":"product","link":"https:\/\/rayt.com\/fr\/producto\/g-6782\/","title":{"rendered":"G-6782"},"content":{"rendered":"<div id=\"description_content\" class=\"rte align_justify\">\n<div id=\"description_content\" class=\"rte align_justify\">\n<div id=\"description_content\" class=\"rte align_justify\">\n<p>ADH\u00c9SIF THERMOFUSIBLE EN BLOCS POUR APPLICATIONS SP\u00c9CIALES.<\/p>\n<\/div>\n<div id=\"description_content\" class=\"rte align_justify\">\n<p>Adh\u00e9sif thermofusible pour des applications sp\u00e9ciales.<\/p>\n<\/div>\n<\/div>\n<\/div>\n<h4>CARACTERISTIQUES<\/h4>\n<p>Autoadh\u00e9sivation des diff\u00e9rents mat\u00e9riaux (mousses, textiles, etc.).<br \/>\nApplicable par des syst\u00e8mes conventionnelles: rouleau, l\u00e8vres, etc.<br \/>\nTemp\u00e9rature d&rsquo;application: 140-180\u00baC.<br \/>\nBonne adh\u00e9rence \u00e0 basse temp\u00e9rature.<br \/>\nExcellente stabilit\u00e9 thermique.<br \/>\nFaible viscosit\u00e9.<br \/>\nConforme FDA 175.105 pour contact alimentaire indirect.<\/p>\n","protected":false},"excerpt":{"rendered":"<p>ADH\u00c9SIF THERMOFUSIBLE EN BLOCS POUR APPLICATIONS SP\u00c9CIALES. Adh\u00e9sif thermofusible pour<\/p>\n","protected":false},"featured_media":3020,"comment_status":"open","ping_status":"closed","template":"","meta":{"_acf_changed":false},"product_cat":[599,632,647,641,786,810,793,794,1292,1293,1371,1566,602,644,626],"product_tag":[],"acf":[],"_links":{"self":[{"href":"https:\/\/rayt.com\/fr\/wp-json\/wp\/v2\/product\/3019"}],"collection":[{"href":"https:\/\/rayt.com\/fr\/wp-json\/wp\/v2\/product"}],"about":[{"href":"https:\/\/rayt.com\/fr\/wp-json\/wp\/v2\/types\/product"}],"replies":[{"embeddable":true,"href":"https:\/\/rayt.com\/fr\/wp-json\/wp\/v2\/comments?post=3019"}],"wp:featuredmedia":[{"embeddable":true,"href":"https:\/\/rayt.com\/fr\/wp-json\/wp\/v2\/media\/3020"}],"wp:attachment":[{"href":"https:\/\/rayt.com\/fr\/wp-json\/wp\/v2\/media?parent=3019"}],"wp:term":[{"taxonomy":"product_cat","embeddable":true,"href":"https:\/\/rayt.com\/fr\/wp-json\/wp\/v2\/product_cat?post=3019"},{"taxonomy":"product_tag","embeddable":true,"href":"https:\/\/rayt.com\/fr\/wp-json\/wp\/v2\/product_tag?post=3019"}],"curies":[{"name":"wp","href":"https:\/\/api.w.org\/{rel}","templated":true}]}}