{"id":3022,"date":"2020-11-03T11:34:06","date_gmt":"2020-12-14T09:59:45","guid":{"rendered":"http:\/\/rayt.com\/?post_type=product&#038;p=3022"},"modified":"2021-02-19T15:52:34","modified_gmt":"2021-02-19T15:52:34","slug":"g-6780","status":"publish","type":"product","link":"https:\/\/rayt.com\/fr\/producto\/g-6780\/","title":{"rendered":"G-6780"},"content":{"rendered":"<p>ADH\u00c9SIF THERMOFUSIBLE STANDARD POUR LA FORMATION ET SC\u00c9LLAGE DE BO\u00ceTES CARTON.<br \/>\nAdh\u00e9sif pour la formation et scellage de bo\u00eetes en carton avec ou sans traitement. Convient pour les \u00e9tuis, la formation des plateaux horticoles et des bo\u00eetes sur des machines \u00ab\u00a0wrap-around\u00a0\u00bb.<\/p>\n<h4>CARACTERISTIQUES<\/h4>\n<p>Sp\u00e9cialement appropri\u00e9 pour l\u0092encollage des mat\u00e9riaux avec quelque rev\u00eatement (paraffine, PE, etc).<br \/>\nMontage et fermeture bo\u00eetes et \u00e9tuis en machines automatiques.<br \/>\nTr\u00e8s appropri\u00e9 pour former des plateaux pour l&rsquo;agriculture.<br \/>\nFormation de bo\u00eetes dans des machines \u00ab\u00a0wrap-around\u00a0\u00bb.<br \/>\nTemp\u00e9rature d&rsquo;application: 160-180\u00baC.<br \/>\nConforme FDA 175.105 pour contact alimentaire indirect.<\/p>\n","protected":false},"excerpt":{"rendered":"<p>ADH\u00c9SIF THERMOFUSIBLE STANDARD POUR LA FORMATION ET SC\u00c9LLAGE DE BO\u00ceTES<\/p>\n","protected":false},"featured_media":2841,"comment_status":"open","ping_status":"closed","template":"","meta":{"_acf_changed":false},"product_cat":[1013,1791,1091,978,981,665,747,999,995,680,671,656,677,662,994,1085,674,683,659,668,1782,1777,1774,1707,1673,1650,1649,1648,1647,1645,1643,1590,1296,1283,602,975,1010,653],"product_tag":[],"acf":[],"_links":{"self":[{"href":"https:\/\/rayt.com\/fr\/wp-json\/wp\/v2\/product\/3022"}],"collection":[{"href":"https:\/\/rayt.com\/fr\/wp-json\/wp\/v2\/product"}],"about":[{"href":"https:\/\/rayt.com\/fr\/wp-json\/wp\/v2\/types\/product"}],"replies":[{"embeddable":true,"href":"https:\/\/rayt.com\/fr\/wp-json\/wp\/v2\/comments?post=3022"}],"wp:featuredmedia":[{"embeddable":true,"href":"https:\/\/rayt.com\/fr\/wp-json\/wp\/v2\/media\/2841"}],"wp:attachment":[{"href":"https:\/\/rayt.com\/fr\/wp-json\/wp\/v2\/media?parent=3022"}],"wp:term":[{"taxonomy":"product_cat","embeddable":true,"href":"https:\/\/rayt.com\/fr\/wp-json\/wp\/v2\/product_cat?post=3022"},{"taxonomy":"product_tag","embeddable":true,"href":"https:\/\/rayt.com\/fr\/wp-json\/wp\/v2\/product_tag?post=3022"}],"curies":[{"name":"wp","href":"https:\/\/api.w.org\/{rel}","templated":true}]}}