{"id":3029,"date":"2020-10-28T08:22:30","date_gmt":"2020-12-14T10:05:31","guid":{"rendered":"http:\/\/rayt.com\/?post_type=product&#038;p=3029"},"modified":"2021-02-12T08:26:04","modified_gmt":"2021-02-12T08:26:04","slug":"ca-242","status":"publish","type":"product","link":"https:\/\/rayt.com\/fr\/producto\/ca-242\/","title":{"rendered":"CA-242"},"content":{"rendered":"<div id=\"description_content\" class=\"rte align_justify\">\n<div id=\"description_content\" class=\"rte align_justify\">\n<div id=\"description_content\" class=\"rte align_justify\">\n<p>ADH\u00c9SIF \u00c0 BASE CAOUTCHOUC SYNTHETIQUE EN SOLVANTS. STANDARD.<\/p>\n<\/div>\n<div id=\"description_content\" class=\"rte align_justify\">\n<p>Adh\u00e9sif contact polyvalent adapt\u00e9 non seulement pour le travail de menuiserie mais aussi pour l&rsquo;installation de linol\u00e9um, caoutchouc, isolation, pl\u00e2tre, etc. Sur les murs, planchers, plafonds et escaliers bien pr\u00e9par\u00e9s.<\/p>\n<\/div>\n<\/div>\n<\/div>\n<h4>CARACTERISTIQUES<\/h4>\n<p>Bonne r\u00e9sistance \u00e0 la chaleur, qui peut \u00eatre am\u00e9lior\u00e9e par l&rsquo;addition d&rsquo;un catalyseur.<br \/>\nAdh\u00e9sion sur une grande vari\u00e9t\u00e9 de mat\u00e9riaux.<br \/>\nBonnes propri\u00e9t\u00e9s de r\u00e9sistance finale.<br \/>\nApplicable \u00e0 la brosse ou au rouleau.<br \/>\nAdh\u00e9sif de bonnes prestations.<br \/>\nTemps ouvert long.<\/p>\n","protected":false},"excerpt":{"rendered":"<p>ADH\u00c9SIF \u00c0 BASE CAOUTCHOUC SYNTHETIQUE EN SOLVANTS. STANDARD. Adh\u00e9sif contact<\/p>\n","protected":false},"featured_media":3030,"comment_status":"open","ping_status":"closed","template":"","meta":{"_acf_changed":false},"product_cat":[786,1271,1278,810,794,789,602],"product_tag":[],"acf":[],"_links":{"self":[{"href":"https:\/\/rayt.com\/fr\/wp-json\/wp\/v2\/product\/3029"}],"collection":[{"href":"https:\/\/rayt.com\/fr\/wp-json\/wp\/v2\/product"}],"about":[{"href":"https:\/\/rayt.com\/fr\/wp-json\/wp\/v2\/types\/product"}],"replies":[{"embeddable":true,"href":"https:\/\/rayt.com\/fr\/wp-json\/wp\/v2\/comments?post=3029"}],"wp:featuredmedia":[{"embeddable":true,"href":"https:\/\/rayt.com\/fr\/wp-json\/wp\/v2\/media\/3030"}],"wp:attachment":[{"href":"https:\/\/rayt.com\/fr\/wp-json\/wp\/v2\/media?parent=3029"}],"wp:term":[{"taxonomy":"product_cat","embeddable":true,"href":"https:\/\/rayt.com\/fr\/wp-json\/wp\/v2\/product_cat?post=3029"},{"taxonomy":"product_tag","embeddable":true,"href":"https:\/\/rayt.com\/fr\/wp-json\/wp\/v2\/product_tag?post=3029"}],"curies":[{"name":"wp","href":"https:\/\/api.w.org\/{rel}","templated":true}]}}