{"id":3032,"date":"2020-11-03T11:36:50","date_gmt":"2020-12-14T10:08:44","guid":{"rendered":"http:\/\/rayt.com\/?post_type=product&#038;p=3032"},"modified":"2021-02-19T15:54:18","modified_gmt":"2021-02-19T15:54:18","slug":"g-6799","status":"publish","type":"product","link":"https:\/\/rayt.com\/fr\/producto\/g-6799\/","title":{"rendered":"G-6799"},"content":{"rendered":"<p>ADH\u00c9SIF THERMOFUSIBLE STANDARD POUR LA FORMATION ET SC\u00c9LLAGE DE BO\u00ceTES EN CARTON.<br \/>\nAdh\u00e9sif thermofusible appropri\u00e9 pour la formation et scellage des bo\u00eetes en carton sur des machines automatiques, pour la formation des plateaux et la formation des bo\u00eetes \u00ab\u00a0wrap-around\u00a0\u00bb<\/p>\n<h4>CARACTERISTIQUES<\/h4>\n<p>Appropri\u00e9 pour la formation et scellage des bo\u00eetes en carton, des \u00e9tuis,des plateaux horticoles et des bo\u00eetes \u00ab\u00a0wrap around\u00a0\u00bb<br \/>\nTemp\u00e9rature d&rsquo;application: 160-180 \u00b0 C<br \/>\nBaisse viscosit\u00e9.<\/p>\n","protected":false},"excerpt":{"rendered":"<p>ADH\u00c9SIF THERMOFUSIBLE STANDARD POUR LA FORMATION ET SC\u00c9LLAGE DE BO\u00ceTES<\/p>\n","protected":false},"featured_media":2841,"comment_status":"open","ping_status":"closed","template":"","meta":{"_acf_changed":false},"product_cat":[1013,1791,1091,978,981,665,747,999,995,680,671,900,656,677,662,994,1085,674,683,659,668,1283,1707,1673,1650,1649,1648,1647,1645,1643,1603,1590,1296,1774,1777,1782,602,937,975,906,1010,653],"product_tag":[],"acf":[],"_links":{"self":[{"href":"https:\/\/rayt.com\/fr\/wp-json\/wp\/v2\/product\/3032"}],"collection":[{"href":"https:\/\/rayt.com\/fr\/wp-json\/wp\/v2\/product"}],"about":[{"href":"https:\/\/rayt.com\/fr\/wp-json\/wp\/v2\/types\/product"}],"replies":[{"embeddable":true,"href":"https:\/\/rayt.com\/fr\/wp-json\/wp\/v2\/comments?post=3032"}],"wp:featuredmedia":[{"embeddable":true,"href":"https:\/\/rayt.com\/fr\/wp-json\/wp\/v2\/media\/2841"}],"wp:attachment":[{"href":"https:\/\/rayt.com\/fr\/wp-json\/wp\/v2\/media?parent=3032"}],"wp:term":[{"taxonomy":"product_cat","embeddable":true,"href":"https:\/\/rayt.com\/fr\/wp-json\/wp\/v2\/product_cat?post=3032"},{"taxonomy":"product_tag","embeddable":true,"href":"https:\/\/rayt.com\/fr\/wp-json\/wp\/v2\/product_tag?post=3032"}],"curies":[{"name":"wp","href":"https:\/\/api.w.org\/{rel}","templated":true}]}}