{"id":3039,"date":"2020-10-28T08:29:14","date_gmt":"2020-12-14T10:14:28","guid":{"rendered":"http:\/\/rayt.com\/?post_type=product&#038;p=3039"},"modified":"2021-02-12T08:28:00","modified_gmt":"2021-02-12T08:28:00","slug":"ca-270-pu","status":"publish","type":"product","link":"https:\/\/rayt.com\/fr\/producto\/ca-270-pu\/","title":{"rendered":"CA-270-PU"},"content":{"rendered":"<div id=\"description_content\" class=\"rte align_justify\">\n<div id=\"description_content\" class=\"rte align_justify\">\n<div id=\"description_content\" class=\"rte align_justify\">\n<p>ADH\u00c9SIF \u00c0 BASE POLYUR\u00c9THANE EN SOLVANTS.<\/p>\n<\/div>\n<div id=\"description_content\" class=\"rte align_justify\">\n<p>Adh\u00e9sif sp\u00e9cialement formul\u00e9 pour l&rsquo;industrie de la chaussure, pour l&rsquo;encollage des semelles en PVC et des coupes de la m\u00eame mati\u00e8re, collages de caoutchouc TR (auparavant halog\u00e9n\u00e9s) sur les diff\u00e9rents mat\u00e9riaux utilis\u00e9s comme coupe.<\/p>\n<\/div>\n<\/div>\n<\/div>\n<h4>CARACTERISTIQUES<\/h4>\n<p>Bonne adh\u00e9rence sur PVC et TR en caoutchouc (halog\u00e9n\u00e9s)<br \/>\nReactivable par la chaleur \u00e0 80-90 \u00b0 C.<br \/>\nSolution de polyur\u00e9thane.<\/p>\n","protected":false},"excerpt":{"rendered":"<p>ADH\u00c9SIF \u00c0 BASE POLYUR\u00c9THANE EN SOLVANTS. Adh\u00e9sif sp\u00e9cialement formul\u00e9 pour<\/p>\n","protected":false},"featured_media":3040,"comment_status":"open","ping_status":"closed","template":"","meta":{"_acf_changed":false},"product_cat":[786,1271,1278,810,794,789,602],"product_tag":[],"acf":[],"_links":{"self":[{"href":"https:\/\/rayt.com\/fr\/wp-json\/wp\/v2\/product\/3039"}],"collection":[{"href":"https:\/\/rayt.com\/fr\/wp-json\/wp\/v2\/product"}],"about":[{"href":"https:\/\/rayt.com\/fr\/wp-json\/wp\/v2\/types\/product"}],"replies":[{"embeddable":true,"href":"https:\/\/rayt.com\/fr\/wp-json\/wp\/v2\/comments?post=3039"}],"wp:featuredmedia":[{"embeddable":true,"href":"https:\/\/rayt.com\/fr\/wp-json\/wp\/v2\/media\/3040"}],"wp:attachment":[{"href":"https:\/\/rayt.com\/fr\/wp-json\/wp\/v2\/media?parent=3039"}],"wp:term":[{"taxonomy":"product_cat","embeddable":true,"href":"https:\/\/rayt.com\/fr\/wp-json\/wp\/v2\/product_cat?post=3039"},{"taxonomy":"product_tag","embeddable":true,"href":"https:\/\/rayt.com\/fr\/wp-json\/wp\/v2\/product_tag?post=3039"}],"curies":[{"name":"wp","href":"https:\/\/api.w.org\/{rel}","templated":true}]}}