{"id":3041,"date":"2020-11-03T11:39:10","date_gmt":"2020-12-14T10:17:16","guid":{"rendered":"http:\/\/rayt.com\/?post_type=product&#038;p=3041"},"modified":"2021-02-19T15:55:52","modified_gmt":"2021-02-19T15:55:52","slug":"g-6900-innovation","status":"publish","type":"product","link":"https:\/\/rayt.com\/fr\/producto\/g-6900-innovation\/","title":{"rendered":"G-6900 INNOVATION"},"content":{"rendered":"<p>HOT-MELT BLANC M\u00c9TALLOC\u00c8NE RAPIDE POUR FORMATION ET SC\u00c9LLAGE DES BO\u00ceTES EN CARTON.<br \/>\nAdh\u00e9sif thermofusible de nouvelle g\u00e9n\u00e9ration pour la formation et scellage de bo\u00eetes en carton sur les machines rapides.<\/p>\n<h4>CARACTERISTIQUES<\/h4>\n<p>Hot-melt de haute qualit\u00e9 \u00e0 base metallocenique.<br \/>\nPour des cartons ondul\u00e9s, compacts ou trait\u00e9s.<br \/>\nR\u00e9sistance excellente \u00e0 la temp\u00e9rature.<br \/>\nTemp\u00e9rature d&rsquo;application: 160-180\u00baC.<br \/>\nRendement tr\u00e8s \u00e9lev\u00e9.<br \/>\nExcellente adh\u00e9sion.<br \/>\nConforme FDA 175.105 pour contact alimentaire indirect.<\/p>\n","protected":false},"excerpt":{"rendered":"<p>HOT-MELT BLANC M\u00c9TALLOC\u00c8NE RAPIDE POUR FORMATION ET SC\u00c9LLAGE DES BO\u00ceTES<\/p>\n","protected":false},"featured_media":2886,"comment_status":"open","ping_status":"closed","template":"","meta":{"_acf_changed":false},"product_cat":[1013,1791,1091,978,981,665,747,999,995,680,671,656,677,662,994,1085,674,683,659,1782,1777,1774,1707,1673,1650,1649,1648,1647,1643,1590,1296,1283,602,975,1010,653],"product_tag":[],"acf":[],"_links":{"self":[{"href":"https:\/\/rayt.com\/fr\/wp-json\/wp\/v2\/product\/3041"}],"collection":[{"href":"https:\/\/rayt.com\/fr\/wp-json\/wp\/v2\/product"}],"about":[{"href":"https:\/\/rayt.com\/fr\/wp-json\/wp\/v2\/types\/product"}],"replies":[{"embeddable":true,"href":"https:\/\/rayt.com\/fr\/wp-json\/wp\/v2\/comments?post=3041"}],"wp:featuredmedia":[{"embeddable":true,"href":"https:\/\/rayt.com\/fr\/wp-json\/wp\/v2\/media\/2886"}],"wp:attachment":[{"href":"https:\/\/rayt.com\/fr\/wp-json\/wp\/v2\/media?parent=3041"}],"wp:term":[{"taxonomy":"product_cat","embeddable":true,"href":"https:\/\/rayt.com\/fr\/wp-json\/wp\/v2\/product_cat?post=3041"},{"taxonomy":"product_tag","embeddable":true,"href":"https:\/\/rayt.com\/fr\/wp-json\/wp\/v2\/product_tag?post=3041"}],"curies":[{"name":"wp","href":"https:\/\/api.w.org\/{rel}","templated":true}]}}