{"id":3050,"date":"2020-10-28T08:15:42","date_gmt":"2020-12-14T10:29:03","guid":{"rendered":"http:\/\/rayt.com\/?post_type=product&#038;p=3050"},"modified":"2021-02-12T08:18:19","modified_gmt":"2021-02-12T08:18:19","slug":"ca-145","status":"publish","type":"product","link":"https:\/\/rayt.com\/fr\/producto\/ca-145\/","title":{"rendered":"CA-145"},"content":{"rendered":"<div id=\"description_content\" class=\"rte align_justify\">\n<div id=\"description_content\" class=\"rte align_justify\">\n<div id=\"description_content\" class=\"rte align_justify\">\n<p>COLLE EN DISPERSION AQUEUSE POUR LA FABRICATION COMPOSANTS DES CHAUSSURES.<\/p>\n<\/div>\n<div id=\"description_content\" class=\"rte align_justify\">\n<p>Adh\u00e9sif pour la fabrication de talons par collage de couches de mat\u00e9riaux poreux.<\/p>\n<\/div>\n<\/div>\n<\/div>\n<h4>CARACTERISTIQUES<\/h4>\n<p>Adh\u00e9sion de papier, bois ou carton sur des substrats difficiles: m\u00e9tal, plastique ou en caoutchouc.<br \/>\nUne excellente adh\u00e9rence \u00e0 la plupart des caoutchoucs utilis\u00e9s dans la fabrication de chaussures.<br \/>\nApplication \u00e0 injecteurs, rouleau ou manuel.<\/p>\n","protected":false},"excerpt":{"rendered":"<p>COLLE EN DISPERSION AQUEUSE POUR LA FABRICATION COMPOSANTS DES CHAUSSURES.<\/p>\n","protected":false},"featured_media":3052,"comment_status":"open","ping_status":"closed","template":"","meta":{"_acf_changed":false},"product_cat":[786,1273,810,794,602],"product_tag":[],"acf":[],"_links":{"self":[{"href":"https:\/\/rayt.com\/fr\/wp-json\/wp\/v2\/product\/3050"}],"collection":[{"href":"https:\/\/rayt.com\/fr\/wp-json\/wp\/v2\/product"}],"about":[{"href":"https:\/\/rayt.com\/fr\/wp-json\/wp\/v2\/types\/product"}],"replies":[{"embeddable":true,"href":"https:\/\/rayt.com\/fr\/wp-json\/wp\/v2\/comments?post=3050"}],"wp:featuredmedia":[{"embeddable":true,"href":"https:\/\/rayt.com\/fr\/wp-json\/wp\/v2\/media\/3052"}],"wp:attachment":[{"href":"https:\/\/rayt.com\/fr\/wp-json\/wp\/v2\/media?parent=3050"}],"wp:term":[{"taxonomy":"product_cat","embeddable":true,"href":"https:\/\/rayt.com\/fr\/wp-json\/wp\/v2\/product_cat?post=3050"},{"taxonomy":"product_tag","embeddable":true,"href":"https:\/\/rayt.com\/fr\/wp-json\/wp\/v2\/product_tag?post=3050"}],"curies":[{"name":"wp","href":"https:\/\/api.w.org\/{rel}","templated":true}]}}