{"id":3071,"date":"2020-10-28T07:40:05","date_gmt":"2020-12-14T11:07:43","guid":{"rendered":"http:\/\/rayt.com\/?post_type=product&#038;p=3071"},"modified":"2021-02-12T08:07:06","modified_gmt":"2021-02-12T08:07:06","slug":"ca-200-cn-r-bv","status":"publish","type":"product","link":"https:\/\/rayt.com\/fr\/producto\/ca-200-cn-r-bv\/","title":{"rendered":"CA-200 &#8211; CN R\/BV"},"content":{"rendered":"<div id=\"description_content\" class=\"rte align_justify\">\n<div id=\"description_content\" class=\"rte align_justify\">\n<div id=\"description_content\" class=\"rte align_justify\">\n<p>ADH\u00c9SIF DE CONTACT POUR L&rsquo;INDUSTRIE DU CUIR.<\/p>\n<\/div>\n<div id=\"description_content\" class=\"rte align_justify\">\n<p>Adh\u00e9sif contact pour application dans le domaine du cuir, quand on a besoin d&rsquo;un produit flexible.<br \/>\nId\u00e9al pour coller les ourlets.<br \/>\nApplication \u00e0 la brosse ou au pinceau.<\/p>\n<\/div>\n<\/div>\n<\/div>\n<h4>CHARACTERISTICS<\/h4>\n<p>Bonne adh\u00e9rence sur les mat\u00e9riaux utilis\u00e9s dans le cuir.<br \/>\nIl contient des additifs pour la d\u00e9tection UV.<br \/>\nApplicable \u00e0 la brosse ou au pinceau.<br \/>\nLong temps de travail.<br \/>\nSolution de coadh\u00e9sif.<\/p>\n","protected":false},"excerpt":{"rendered":"<p>ADH\u00c9SIF DE CONTACT POUR L&rsquo;INDUSTRIE DU CUIR. Adh\u00e9sif contact pour<\/p>\n","protected":false},"featured_media":3073,"comment_status":"open","ping_status":"closed","template":"","meta":{"_acf_changed":false},"product_cat":[780,1302,783,602],"product_tag":[],"acf":[],"_links":{"self":[{"href":"https:\/\/rayt.com\/fr\/wp-json\/wp\/v2\/product\/3071"}],"collection":[{"href":"https:\/\/rayt.com\/fr\/wp-json\/wp\/v2\/product"}],"about":[{"href":"https:\/\/rayt.com\/fr\/wp-json\/wp\/v2\/types\/product"}],"replies":[{"embeddable":true,"href":"https:\/\/rayt.com\/fr\/wp-json\/wp\/v2\/comments?post=3071"}],"wp:featuredmedia":[{"embeddable":true,"href":"https:\/\/rayt.com\/fr\/wp-json\/wp\/v2\/media\/3073"}],"wp:attachment":[{"href":"https:\/\/rayt.com\/fr\/wp-json\/wp\/v2\/media?parent=3071"}],"wp:term":[{"taxonomy":"product_cat","embeddable":true,"href":"https:\/\/rayt.com\/fr\/wp-json\/wp\/v2\/product_cat?post=3071"},{"taxonomy":"product_tag","embeddable":true,"href":"https:\/\/rayt.com\/fr\/wp-json\/wp\/v2\/product_tag?post=3071"}],"curies":[{"name":"wp","href":"https:\/\/api.w.org\/{rel}","templated":true}]}}