{"id":3075,"date":"2020-11-03T11:48:55","date_gmt":"2020-12-14T11:08:13","guid":{"rendered":"http:\/\/rayt.com\/?post_type=product&#038;p=3075"},"modified":"2021-02-19T16:05:23","modified_gmt":"2021-02-19T16:05:23","slug":"g-6920-innovation","status":"publish","type":"product","link":"https:\/\/rayt.com\/fr\/producto\/g-6920-innovation\/","title":{"rendered":"G-6920 INNOVATION"},"content":{"rendered":"<p>HOT-MELT CLAIR M\u00c9TALLOC\u00c8NE RAPIDE POUR FORMATION ET SC\u00c9LLAGE DES BO\u00ceTES EN CARTON.<br \/>\nAdh\u00e9sif thermofusible de nouvelle g\u00e9n\u00e9ration pour la formation et scellage de bo\u00eetes en carton sur les machines de vitesse moyenne.<\/p>\n<h4>CARACTERISTIQUES<\/h4>\n<p>Produit standard pour la formation et fermeture de bo\u00eetes.<br \/>\nHot-melt de haute qualit\u00e9 \u00e0 base metallocenique.<br \/>\nR\u00e9sistance excellente \u00e0 la temp\u00e9rature.<br \/>\nTemp\u00e9rature d&rsquo;application: 165-190\u00baC.<br \/>\nRendement tr\u00e8s \u00e9lev\u00e9.<br \/>\nExcellente adh\u00e9sion.<br \/>\nConforme FDA 175.105 pour contact alimentaire indirect.<\/p>\n","protected":false},"excerpt":{"rendered":"<p>HOT-MELT CLAIR M\u00c9TALLOC\u00c8NE RAPIDE POUR FORMATION ET SC\u00c9LLAGE DES BO\u00ceTES<\/p>\n","protected":false},"featured_media":2904,"comment_status":"open","ping_status":"closed","template":"","meta":{"_acf_changed":false},"product_cat":[1013,1791,1091,978,981,747,999,995,680,656,677,994,1085,683,659,1777,1782,1774,1707,1673,1650,1649,1590,1296,1283,602,975,1010,653],"product_tag":[],"acf":[],"_links":{"self":[{"href":"https:\/\/rayt.com\/fr\/wp-json\/wp\/v2\/product\/3075"}],"collection":[{"href":"https:\/\/rayt.com\/fr\/wp-json\/wp\/v2\/product"}],"about":[{"href":"https:\/\/rayt.com\/fr\/wp-json\/wp\/v2\/types\/product"}],"replies":[{"embeddable":true,"href":"https:\/\/rayt.com\/fr\/wp-json\/wp\/v2\/comments?post=3075"}],"wp:featuredmedia":[{"embeddable":true,"href":"https:\/\/rayt.com\/fr\/wp-json\/wp\/v2\/media\/2904"}],"wp:attachment":[{"href":"https:\/\/rayt.com\/fr\/wp-json\/wp\/v2\/media?parent=3075"}],"wp:term":[{"taxonomy":"product_cat","embeddable":true,"href":"https:\/\/rayt.com\/fr\/wp-json\/wp\/v2\/product_cat?post=3075"},{"taxonomy":"product_tag","embeddable":true,"href":"https:\/\/rayt.com\/fr\/wp-json\/wp\/v2\/product_tag?post=3075"}],"curies":[{"name":"wp","href":"https:\/\/api.w.org\/{rel}","templated":true}]}}