{"id":3088,"date":"2020-11-03T11:53:42","date_gmt":"2020-12-14T11:27:06","guid":{"rendered":"http:\/\/rayt.com\/?post_type=product&#038;p=3088"},"modified":"2021-02-19T16:08:04","modified_gmt":"2021-02-19T16:08:04","slug":"g-6922-bt-innovation","status":"publish","type":"product","link":"https:\/\/rayt.com\/fr\/producto\/g-6922-bt-innovation\/","title":{"rendered":"G-6922-BT INNOVATION"},"content":{"rendered":"<p>HOT-MELT M\u00c9TALLOC\u00c8NE CLAIR POUR BO\u00ceTES &#8211; APPLICATION \u00c0 BASSE TEMP\u00c9RATURE.<br \/>\nAdh\u00e9sif thermofusible de nouvelle g\u00e9n\u00e9ration pour la formation et scellage de bo\u00eetes.<br \/>\nUtilisation \u00e0 basse temp\u00e9rature d&rsquo;application.<\/p>\n<h4>CARACTERISTIQUES<\/h4>\n<p>Produit appropri\u00e9 pour le travail \u00e0 partir de 120-140 \u00b0 C. Les \u00e9conomies d&rsquo;\u00e9nergie.<br \/>\nHot-melt de haute qualit\u00e9 \u00e0 base metallocenique.<br \/>\nR\u00e9sistance excellente \u00e0 la temp\u00e9rature.<br \/>\nRendement tr\u00e8s \u00e9lev\u00e9.<br \/>\nExcellente adh\u00e9sion.<br \/>\nConforme FDA 175.105 pour contact alimentaire indirect.<\/p>\n","protected":false},"excerpt":{"rendered":"<p>HOT-MELT M\u00c9TALLOC\u00c8NE CLAIR POUR BO\u00ceTES &#8211; APPLICATION \u00c0 BASSE TEMP\u00c9RATURE.<\/p>\n","protected":false},"featured_media":2904,"comment_status":"open","ping_status":"closed","template":"","meta":{"_acf_changed":false},"product_cat":[1013,1791,1091,978,981,747,999,995,680,656,677,994,1085,683,659,1777,1782,1774,1707,1673,1650,1649,1590,1296,1283,602,975,1010,653],"product_tag":[],"acf":[],"_links":{"self":[{"href":"https:\/\/rayt.com\/fr\/wp-json\/wp\/v2\/product\/3088"}],"collection":[{"href":"https:\/\/rayt.com\/fr\/wp-json\/wp\/v2\/product"}],"about":[{"href":"https:\/\/rayt.com\/fr\/wp-json\/wp\/v2\/types\/product"}],"replies":[{"embeddable":true,"href":"https:\/\/rayt.com\/fr\/wp-json\/wp\/v2\/comments?post=3088"}],"wp:featuredmedia":[{"embeddable":true,"href":"https:\/\/rayt.com\/fr\/wp-json\/wp\/v2\/media\/2904"}],"wp:attachment":[{"href":"https:\/\/rayt.com\/fr\/wp-json\/wp\/v2\/media?parent=3088"}],"wp:term":[{"taxonomy":"product_cat","embeddable":true,"href":"https:\/\/rayt.com\/fr\/wp-json\/wp\/v2\/product_cat?post=3088"},{"taxonomy":"product_tag","embeddable":true,"href":"https:\/\/rayt.com\/fr\/wp-json\/wp\/v2\/product_tag?post=3088"}],"curies":[{"name":"wp","href":"https:\/\/api.w.org\/{rel}","templated":true}]}}