{"id":3093,"date":"2020-10-28T10:25:39","date_gmt":"2020-12-14T11:37:16","guid":{"rendered":"http:\/\/rayt.com\/?post_type=product&#038;p=3093"},"modified":"2021-02-22T07:46:55","modified_gmt":"2021-02-22T07:46:55","slug":"g-6436","status":"publish","type":"product","link":"https:\/\/rayt.com\/fr\/producto\/g-6436\/","title":{"rendered":"G-6436"},"content":{"rendered":"<div id=\"description_content\" class=\"rte align_justify\">\n<div id=\"description_content\" class=\"rte align_justify\">\n<div id=\"description_content\" class=\"rte align_justify\">\n<div id=\"description_content\" class=\"rte align_justify\">\n<p>HOT-MELT SP\u00c9CIAL POUR DIVERSES APPLICATIONS.<\/p>\n<\/div>\n<div id=\"description_content\" class=\"rte align_justify\">\n<p>Adh\u00e9sif thermofusible \u00e0 viscosit\u00e9 moyenne pour de nombreuses applications industrielles.<br \/>\nJaune clair.<\/p>\n<\/div>\n<\/div>\n<\/div>\n<\/div>\n<h4>CARACTERISTIQUES<\/h4>\n<p>Adh\u00e9sif pour dos des livres et d&rsquo;autres applications. Produit standard pour les machines \u00e0 vitesse moyenne-basse.<br \/>\nTemps de s\u00e9chage moyen.<br \/>\nExcellente adh\u00e9rence.<br \/>\nTemps ouvert long.<br \/>\nBonne \u00e9lasticit\u00e9.<\/p>\n","protected":false},"excerpt":{"rendered":"<p>HOT-MELT SP\u00c9CIAL POUR DIVERSES APPLICATIONS. Adh\u00e9sif thermofusible \u00e0 viscosit\u00e9 moyenne<\/p>\n","protected":false},"featured_media":3085,"comment_status":"open","ping_status":"closed","template":"","meta":{"_acf_changed":false},"product_cat":[599,969,747,960,995,996,994,1004,1774,1763,1671,1415,1326,602,834,937,605,614,1007,822],"product_tag":[],"acf":[],"_links":{"self":[{"href":"https:\/\/rayt.com\/fr\/wp-json\/wp\/v2\/product\/3093"}],"collection":[{"href":"https:\/\/rayt.com\/fr\/wp-json\/wp\/v2\/product"}],"about":[{"href":"https:\/\/rayt.com\/fr\/wp-json\/wp\/v2\/types\/product"}],"replies":[{"embeddable":true,"href":"https:\/\/rayt.com\/fr\/wp-json\/wp\/v2\/comments?post=3093"}],"wp:featuredmedia":[{"embeddable":true,"href":"https:\/\/rayt.com\/fr\/wp-json\/wp\/v2\/media\/3085"}],"wp:attachment":[{"href":"https:\/\/rayt.com\/fr\/wp-json\/wp\/v2\/media?parent=3093"}],"wp:term":[{"taxonomy":"product_cat","embeddable":true,"href":"https:\/\/rayt.com\/fr\/wp-json\/wp\/v2\/product_cat?post=3093"},{"taxonomy":"product_tag","embeddable":true,"href":"https:\/\/rayt.com\/fr\/wp-json\/wp\/v2\/product_tag?post=3093"}],"curies":[{"name":"wp","href":"https:\/\/api.w.org\/{rel}","templated":true}]}}