{"id":3098,"date":"2020-10-28T09:30:42","date_gmt":"2020-12-14T11:46:35","guid":{"rendered":"http:\/\/rayt.com\/?post_type=product&#038;p=3098"},"modified":"2021-02-18T08:48:46","modified_gmt":"2021-02-18T08:48:46","slug":"novopren-tm-223","status":"publish","type":"product","link":"https:\/\/rayt.com\/fr\/producto\/novopren-tm-223\/","title":{"rendered":"NOVOPREN TM-223"},"content":{"rendered":"<div id=\"description_content\" class=\"rte align_justify\">\n<div id=\"description_content\" class=\"rte align_justify\">\n<div id=\"description_content\" class=\"rte align_justify\">\n<p>ADH\u00c9SIF \u00c0 BASE DE CAOUTCHOUC SYNTHETIQUE SOLVANT\u00c9 POUR LA TAPISSERIE. APPLICATION MANUEL.<\/p>\n<\/div>\n<div id=\"description_content\" class=\"rte align_justify\">\n<p>Adh\u00e9sif de contact pour la tapisserie, d&rsquo;application manuel, con\u00e7u pour encoller la plupart des mat\u00e9riaux dans ce type de travail: le caoutchouc, la mousse, le tissue, le bois, etc.<\/p>\n<\/div>\n<\/div>\n<\/div>\n<h4>CARACTERISTIQUES<\/h4>\n<p>Bonne r\u00e9sistance \u00e0 la chaleur, qui peut \u00eatre am\u00e9lior\u00e9e par l&rsquo;addition d&rsquo;un catalyseur.<br \/>\nApplication manuel au pinceau, au rouleau ou \u00e0 la raclette.<br \/>\nBonnes propri\u00e9t\u00e9s de r\u00e9sistance finale.<br \/>\nUsage g\u00e9n\u00e9ral en tapisserie.<\/p>\n","protected":false},"excerpt":{"rendered":"<p>ADH\u00c9SIF \u00c0 BASE DE CAOUTCHOUC SYNTHETIQUE SOLVANT\u00c9 POUR LA TAPISSERIE.<\/p>\n","protected":false},"featured_media":3100,"comment_status":"open","ping_status":"closed","template":"","meta":{"_acf_changed":false},"product_cat":[1420,1431,1442,602,833,832,937,831,822],"product_tag":[],"acf":[],"_links":{"self":[{"href":"https:\/\/rayt.com\/fr\/wp-json\/wp\/v2\/product\/3098"}],"collection":[{"href":"https:\/\/rayt.com\/fr\/wp-json\/wp\/v2\/product"}],"about":[{"href":"https:\/\/rayt.com\/fr\/wp-json\/wp\/v2\/types\/product"}],"replies":[{"embeddable":true,"href":"https:\/\/rayt.com\/fr\/wp-json\/wp\/v2\/comments?post=3098"}],"wp:featuredmedia":[{"embeddable":true,"href":"https:\/\/rayt.com\/fr\/wp-json\/wp\/v2\/media\/3100"}],"wp:attachment":[{"href":"https:\/\/rayt.com\/fr\/wp-json\/wp\/v2\/media?parent=3098"}],"wp:term":[{"taxonomy":"product_cat","embeddable":true,"href":"https:\/\/rayt.com\/fr\/wp-json\/wp\/v2\/product_cat?post=3098"},{"taxonomy":"product_tag","embeddable":true,"href":"https:\/\/rayt.com\/fr\/wp-json\/wp\/v2\/product_tag?post=3098"}],"curies":[{"name":"wp","href":"https:\/\/api.w.org\/{rel}","templated":true}]}}