{"id":3106,"date":"2020-11-03T08:59:05","date_gmt":"2020-12-14T11:56:02","guid":{"rendered":"http:\/\/rayt.com\/?post_type=product&#038;p=3106"},"modified":"2020-12-14T11:56:03","modified_gmt":"2020-12-14T11:56:03","slug":"g-1670-cr","status":"publish","type":"product","link":"https:\/\/rayt.com\/fr\/producto\/g-1670-cr\/","title":{"rendered":"G-1670-CR"},"content":{"rendered":"<p>ADH\u00c9SIF V\u00c9GETAL POUR L&rsquo;\u00c9TIQUETAGE DE VERRE.<br \/>\nAdh\u00e9sif v\u00e9g\u00e9tal de r\u00e9sistance mod\u00e9r\u00e9 \u00e0 l&rsquo;eau froide, pour l&rsquo;\u00e9tiquetage de bouteilles en verre.<\/p>\n<h4>CARACTERISTIQUES<\/h4>\n<p>Bouteilles facilement lavables.<br \/>\nR\u00e9sistant \u00e0 la condensation.<br \/>\nTous les types de machines.<br \/>\nBouteilles en verre.<br \/>\nConforme FDA 175.105 pour contact alimentaire indirect.<\/p>\n","protected":false},"excerpt":{"rendered":"<p>ADH\u00c9SIF V\u00c9GETAL POUR L&rsquo;\u00c9TIQUETAGE DE VERRE. Adh\u00e9sif v\u00e9g\u00e9tal de r\u00e9sistance<\/p>\n","protected":false},"featured_media":2996,"comment_status":"open","ping_status":"closed","template":"","meta":{"_acf_changed":false},"product_cat":[966,747,960,602],"product_tag":[],"acf":[],"_links":{"self":[{"href":"https:\/\/rayt.com\/fr\/wp-json\/wp\/v2\/product\/3106"}],"collection":[{"href":"https:\/\/rayt.com\/fr\/wp-json\/wp\/v2\/product"}],"about":[{"href":"https:\/\/rayt.com\/fr\/wp-json\/wp\/v2\/types\/product"}],"replies":[{"embeddable":true,"href":"https:\/\/rayt.com\/fr\/wp-json\/wp\/v2\/comments?post=3106"}],"wp:featuredmedia":[{"embeddable":true,"href":"https:\/\/rayt.com\/fr\/wp-json\/wp\/v2\/media\/2996"}],"wp:attachment":[{"href":"https:\/\/rayt.com\/fr\/wp-json\/wp\/v2\/media?parent=3106"}],"wp:term":[{"taxonomy":"product_cat","embeddable":true,"href":"https:\/\/rayt.com\/fr\/wp-json\/wp\/v2\/product_cat?post=3106"},{"taxonomy":"product_tag","embeddable":true,"href":"https:\/\/rayt.com\/fr\/wp-json\/wp\/v2\/product_tag?post=3106"}],"curies":[{"name":"wp","href":"https:\/\/api.w.org\/{rel}","templated":true}]}}