{"id":3118,"date":"2020-10-28T09:31:15","date_gmt":"2020-12-14T14:40:51","guid":{"rendered":"http:\/\/rayt.com\/?post_type=product&#038;p=3118"},"modified":"2021-02-18T08:49:51","modified_gmt":"2021-02-18T08:49:51","slug":"novopren-tp-l","status":"publish","type":"product","link":"https:\/\/rayt.com\/fr\/producto\/novopren-tp-l\/","title":{"rendered":"NOVOPREN TP L"},"content":{"rendered":"<div id=\"description_content\" class=\"rte align_justify\">\n<div id=\"description_content\" class=\"rte align_justify\">\n<div id=\"description_content\" class=\"rte align_justify\">\n<p>ADH\u00c9SIF \u00c0 BASE DE CAOUTCHOUC SYNTHETIQUE SOLVANT\u00c9 POUR LA TAPISSERIE. STANDARD.<\/p>\n<\/div>\n<div id=\"description_content\" class=\"rte align_justify\">\n<p>Adh\u00e9sif de contact pour la tapisserie, pour application au pistolet, con\u00e7u pour coller la plupart des mat\u00e9riaux dans ce type de travail: le caoutchouc, la mousse, le tissue, le bois, etc.<\/p>\n<\/div>\n<\/div>\n<\/div>\n<h4>CARACTERISTIQUES<\/h4>\n<p>Bonne r\u00e9sistance \u00e0 la chaleur, qui peut \u00eatre am\u00e9lior\u00e9e par l&rsquo;addition d&rsquo;un catalyseur.<br \/>\nTr\u00e8s bonnes propri\u00e9t\u00e9s de r\u00e9sistance finale.<br \/>\nApplication au pistolet spray.<br \/>\nUsage g\u00e9n\u00e9ral en tapisserie.<\/p>\n","protected":false},"excerpt":{"rendered":"<p>ADH\u00c9SIF \u00c0 BASE DE CAOUTCHOUC SYNTHETIQUE SOLVANT\u00c9 POUR LA TAPISSERIE.<\/p>\n","protected":false},"featured_media":3100,"comment_status":"open","ping_status":"closed","template":"","meta":{"_acf_changed":false},"product_cat":[1420,1431,1442,1536,602,885,833,832,937,864,831,822],"product_tag":[],"acf":[],"_links":{"self":[{"href":"https:\/\/rayt.com\/fr\/wp-json\/wp\/v2\/product\/3118"}],"collection":[{"href":"https:\/\/rayt.com\/fr\/wp-json\/wp\/v2\/product"}],"about":[{"href":"https:\/\/rayt.com\/fr\/wp-json\/wp\/v2\/types\/product"}],"replies":[{"embeddable":true,"href":"https:\/\/rayt.com\/fr\/wp-json\/wp\/v2\/comments?post=3118"}],"wp:featuredmedia":[{"embeddable":true,"href":"https:\/\/rayt.com\/fr\/wp-json\/wp\/v2\/media\/3100"}],"wp:attachment":[{"href":"https:\/\/rayt.com\/fr\/wp-json\/wp\/v2\/media?parent=3118"}],"wp:term":[{"taxonomy":"product_cat","embeddable":true,"href":"https:\/\/rayt.com\/fr\/wp-json\/wp\/v2\/product_cat?post=3118"},{"taxonomy":"product_tag","embeddable":true,"href":"https:\/\/rayt.com\/fr\/wp-json\/wp\/v2\/product_tag?post=3118"}],"curies":[{"name":"wp","href":"https:\/\/api.w.org\/{rel}","templated":true}]}}