{"id":3129,"date":"2020-10-28T09:49:19","date_gmt":"2020-12-14T16:10:05","guid":{"rendered":"http:\/\/rayt.com\/?post_type=product&#038;p=3129"},"modified":"2021-02-18T08:57:01","modified_gmt":"2021-02-18T08:57:01","slug":"g-6510","status":"publish","type":"product","link":"https:\/\/rayt.com\/fr\/producto\/g-6510\/","title":{"rendered":"G-6510"},"content":{"rendered":"<div id=\"description_content\" class=\"rte align_justify\">\n<div id=\"description_content\" class=\"rte align_justify\">\n<div id=\"description_content\" class=\"rte align_justify\">\n<p>HOT-MELT POUR LA FABRICATION DE MATELAS.<\/p>\n<\/div>\n<div id=\"description_content\" class=\"rte align_justify\">\n<p>Adh\u00e9sif thermofusible sp\u00e9ciale pour les applications n\u00e9cessitant une haute r\u00e9sistance et avec besoin d&rsquo;un temps de travail court: Automobile, Matelas, Assemblage, mousse &#8230; produit semi adh\u00e9sif pr\u00e9sent\u00e9 en blocs ou sachets.<\/p>\n<\/div>\n<\/div>\n<\/div>\n<h4>CARACTERISTIQUES<\/h4>\n<p>Adh\u00e9sif appropri\u00e9 pour la construction de matelas avec une bonne adh\u00e9rence sur diff\u00e9rents types de mousses et textiles.<br \/>\nApplicable \u00e0 cordon en \u00e9quipements automatiques.<br \/>\nTemp\u00e9rature d&rsquo;application: 150-180\u00baC.<\/p>\n","protected":false},"excerpt":{"rendered":"<p>HOT-MELT POUR LA FABRICATION DE MATELAS. Adh\u00e9sif thermofusible sp\u00e9ciale pour<\/p>\n","protected":false},"featured_media":2737,"comment_status":"open","ping_status":"closed","template":"","meta":{"_acf_changed":false},"product_cat":[647,641,1425,1437,1566,602,644,833,832,937,822],"product_tag":[],"acf":[],"_links":{"self":[{"href":"https:\/\/rayt.com\/fr\/wp-json\/wp\/v2\/product\/3129"}],"collection":[{"href":"https:\/\/rayt.com\/fr\/wp-json\/wp\/v2\/product"}],"about":[{"href":"https:\/\/rayt.com\/fr\/wp-json\/wp\/v2\/types\/product"}],"replies":[{"embeddable":true,"href":"https:\/\/rayt.com\/fr\/wp-json\/wp\/v2\/comments?post=3129"}],"wp:featuredmedia":[{"embeddable":true,"href":"https:\/\/rayt.com\/fr\/wp-json\/wp\/v2\/media\/2737"}],"wp:attachment":[{"href":"https:\/\/rayt.com\/fr\/wp-json\/wp\/v2\/media?parent=3129"}],"wp:term":[{"taxonomy":"product_cat","embeddable":true,"href":"https:\/\/rayt.com\/fr\/wp-json\/wp\/v2\/product_cat?post=3129"},{"taxonomy":"product_tag","embeddable":true,"href":"https:\/\/rayt.com\/fr\/wp-json\/wp\/v2\/product_tag?post=3129"}],"curies":[{"name":"wp","href":"https:\/\/api.w.org\/{rel}","templated":true}]}}