{"id":3134,"date":"2020-10-28T09:51:15","date_gmt":"2020-12-14T16:20:16","guid":{"rendered":"http:\/\/rayt.com\/?post_type=product&#038;p=3134"},"modified":"2021-02-19T15:15:16","modified_gmt":"2021-02-19T15:15:16","slug":"g-6517","status":"publish","type":"product","link":"https:\/\/rayt.com\/fr\/producto\/g-6517\/","title":{"rendered":"G-6517"},"content":{"rendered":"<div id=\"description_content\" class=\"rte align_justify\">\n<div id=\"description_content\" class=\"rte align_justify\">\n<div id=\"description_content\" class=\"rte align_justify\">\n<p>ADH\u00c9SIF THERMOFUSIBLE EN BLOCS POUR APPLICATIONS SP\u00c9CIALES.<\/p>\n<\/div>\n<div id=\"description_content\" class=\"rte align_justify\">\n<p>Adh\u00e9sif thermofusible tr\u00e8s convenable pour coller mati\u00e8res avec un certain type de couverture (paraffine, PE, vernis, etc.) dans la fabrication d&rsquo;\u00e9crans d&rsquo;affichage, PLV, affiches, etc.<\/p>\n<\/div>\n<\/div>\n<\/div>\n<h4>CARACTERISTIQUES<\/h4>\n<p>Applications d&#8217;emballage o\u00f9 les substrats pr\u00e9sentent des difficult\u00e9s d&rsquo;adh\u00e9sion particuli\u00e8res: bo\u00eetes, caisses, plateaux, etc vernis ou plastifi\u00e9s.<br \/>\nTemp\u00e9rature d&rsquo;application: 160-180\u00baC.<br \/>\nViscosit\u00e9 moyenne-haute.<br \/>\nConforme FDA 175.105 pour contact alimentaire indirect.<\/p>\n","protected":false},"excerpt":{"rendered":"<p>ADH\u00c9SIF THERMOFUSIBLE EN BLOCS POUR APPLICATIONS SP\u00c9CIALES. Adh\u00e9sif thermofusible tr\u00e8s<\/p>\n","protected":false},"featured_media":2737,"comment_status":"open","ping_status":"closed","template":"","meta":{"_acf_changed":false},"product_cat":[599,623,747,995,996,994,1794,1755,1437,1425,1365,602,833,832,937,620,822],"product_tag":[],"acf":[],"_links":{"self":[{"href":"https:\/\/rayt.com\/fr\/wp-json\/wp\/v2\/product\/3134"}],"collection":[{"href":"https:\/\/rayt.com\/fr\/wp-json\/wp\/v2\/product"}],"about":[{"href":"https:\/\/rayt.com\/fr\/wp-json\/wp\/v2\/types\/product"}],"replies":[{"embeddable":true,"href":"https:\/\/rayt.com\/fr\/wp-json\/wp\/v2\/comments?post=3134"}],"wp:featuredmedia":[{"embeddable":true,"href":"https:\/\/rayt.com\/fr\/wp-json\/wp\/v2\/media\/2737"}],"wp:attachment":[{"href":"https:\/\/rayt.com\/fr\/wp-json\/wp\/v2\/media?parent=3134"}],"wp:term":[{"taxonomy":"product_cat","embeddable":true,"href":"https:\/\/rayt.com\/fr\/wp-json\/wp\/v2\/product_cat?post=3134"},{"taxonomy":"product_tag","embeddable":true,"href":"https:\/\/rayt.com\/fr\/wp-json\/wp\/v2\/product_tag?post=3134"}],"curies":[{"name":"wp","href":"https:\/\/api.w.org\/{rel}","templated":true}]}}