{"id":3145,"date":"2020-11-03T09:09:22","date_gmt":"2020-12-15T07:49:09","guid":{"rendered":"http:\/\/rayt.com\/?post_type=product&#038;p=3145"},"modified":"2021-02-15T11:21:16","modified_gmt":"2021-02-15T11:21:16","slug":"g-1683-cr","status":"publish","type":"product","link":"https:\/\/rayt.com\/fr\/producto\/g-1683-cr\/","title":{"rendered":"G-1683-CR"},"content":{"rendered":"<p>ADH\u00c9SIF \u00c0 BASE CAS\u00c9INE POUR L&rsquo;\u00c9TIQUETAGE DE VERRE. STANDARD.<br \/>\nColle avec une r\u00e9sistance maximale \u00e0 l&rsquo;eau froide, id\u00e9al pour l&rsquo;\u00e9tiquetage de conserves, d&rsquo;eau min\u00e9rale, de vin et d&rsquo;autres r\u00e9cipients en verre en machines d&rsquo;\u00e9tiquetage.<\/p>\n<h4>CARACTERISTIQUES<\/h4>\n<p>Bonne r\u00e9sistance \u00e0 la condensation et \u00e0 l&rsquo;eau froide.<br \/>\nBouteilles facilement lavables.<br \/>\nTous les types de machines.<br \/>\nConforme FDA 175.105 pour contact alimentaire indirect.<\/p>\n","protected":false},"excerpt":{"rendered":"<p>ADH\u00c9SIF \u00c0 BASE CAS\u00c9INE POUR L&rsquo;\u00c9TIQUETAGE DE VERRE. STANDARD. Colle<\/p>\n","protected":false},"featured_media":2979,"comment_status":"open","ping_status":"closed","template":"","meta":{"_acf_changed":false},"product_cat":[966,747,960,602],"product_tag":[],"acf":[],"_links":{"self":[{"href":"https:\/\/rayt.com\/fr\/wp-json\/wp\/v2\/product\/3145"}],"collection":[{"href":"https:\/\/rayt.com\/fr\/wp-json\/wp\/v2\/product"}],"about":[{"href":"https:\/\/rayt.com\/fr\/wp-json\/wp\/v2\/types\/product"}],"replies":[{"embeddable":true,"href":"https:\/\/rayt.com\/fr\/wp-json\/wp\/v2\/comments?post=3145"}],"wp:featuredmedia":[{"embeddable":true,"href":"https:\/\/rayt.com\/fr\/wp-json\/wp\/v2\/media\/2979"}],"wp:attachment":[{"href":"https:\/\/rayt.com\/fr\/wp-json\/wp\/v2\/media?parent=3145"}],"wp:term":[{"taxonomy":"product_cat","embeddable":true,"href":"https:\/\/rayt.com\/fr\/wp-json\/wp\/v2\/product_cat?post=3145"},{"taxonomy":"product_tag","embeddable":true,"href":"https:\/\/rayt.com\/fr\/wp-json\/wp\/v2\/product_tag?post=3145"}],"curies":[{"name":"wp","href":"https:\/\/api.w.org\/{rel}","templated":true}]}}