{"id":3148,"date":"2020-11-03T09:13:04","date_gmt":"2020-12-15T07:57:45","guid":{"rendered":"http:\/\/rayt.com\/?post_type=product&#038;p=3148"},"modified":"2021-02-15T11:23:25","modified_gmt":"2021-02-15T11:23:25","slug":"g-1688-cr","status":"publish","type":"product","link":"https:\/\/rayt.com\/fr\/producto\/g-1688-cr\/","title":{"rendered":"G-1688-CR"},"content":{"rendered":"<p>COLLE SYNTH\u00c9TIQUE POUR L&rsquo;ETIQUETAGE D\u00c9 BOUTEILLES EN VERRE. APPLICATIONS DIFFICILES.<br \/>\nAdh\u00e9sif hybride pour l&rsquo;\u00e9tiquetage des bouteilles en verre et des bo\u00eetes m\u00e9talliques avec \u00e9tiquette en papier, m\u00eame m\u00e9tallis\u00e9.<br \/>\nSp\u00e9cial pour colliers de bouteilles et d&rsquo;autres applications exigeantes.<\/p>\n<h4>CARACTERISTIQUES<\/h4>\n<p>Temp\u00e9rature d&rsquo;application: entre 27-32\u00baC.<br \/>\nGrande capacit\u00e9 adh\u00e9sive dans des bouteilles froides.<br \/>\nR\u00e9sistance excellente \u00e0 l&rsquo;humidit\u00e9.<\/p>\n","protected":false},"excerpt":{"rendered":"<p>COLLE SYNTH\u00c9TIQUE POUR L&rsquo;ETIQUETAGE D\u00c9 BOUTEILLES EN VERRE. APPLICATIONS DIFFICILES.<\/p>\n","protected":false},"featured_media":2979,"comment_status":"open","ping_status":"closed","template":"","meta":{"_acf_changed":false},"product_cat":[966,747,960,602],"product_tag":[],"acf":[],"_links":{"self":[{"href":"https:\/\/rayt.com\/fr\/wp-json\/wp\/v2\/product\/3148"}],"collection":[{"href":"https:\/\/rayt.com\/fr\/wp-json\/wp\/v2\/product"}],"about":[{"href":"https:\/\/rayt.com\/fr\/wp-json\/wp\/v2\/types\/product"}],"replies":[{"embeddable":true,"href":"https:\/\/rayt.com\/fr\/wp-json\/wp\/v2\/comments?post=3148"}],"wp:featuredmedia":[{"embeddable":true,"href":"https:\/\/rayt.com\/fr\/wp-json\/wp\/v2\/media\/2979"}],"wp:attachment":[{"href":"https:\/\/rayt.com\/fr\/wp-json\/wp\/v2\/media?parent=3148"}],"wp:term":[{"taxonomy":"product_cat","embeddable":true,"href":"https:\/\/rayt.com\/fr\/wp-json\/wp\/v2\/product_cat?post=3148"},{"taxonomy":"product_tag","embeddable":true,"href":"https:\/\/rayt.com\/fr\/wp-json\/wp\/v2\/product_tag?post=3148"}],"curies":[{"name":"wp","href":"https:\/\/api.w.org\/{rel}","templated":true}]}}