{"id":3166,"date":"2020-10-28T09:59:40","date_gmt":"2020-12-15T08:51:03","guid":{"rendered":"http:\/\/rayt.com\/?post_type=product&#038;p=3166"},"modified":"2021-02-19T15:16:28","modified_gmt":"2021-02-19T15:16:28","slug":"g-6526-pillow","status":"publish","type":"product","link":"https:\/\/rayt.com\/fr\/producto\/g-6526-pillow\/","title":{"rendered":"G-6526-PILLOW"},"content":{"rendered":"<div id=\"description_content\" class=\"rte align_justify\">\n<div id=\"description_content\" class=\"rte align_justify\">\n<p>ADH\u00c9SIF THERMOFUSIBLE EN SACHETS POUR APPLICATIONS SP\u00c9CIALES.<\/p>\n<\/div>\n<div id=\"description_content\" class=\"rte align_justify\">\n<p>Adh\u00e9sif thermofusible tr\u00e8s convenable pour coller mati\u00e8res avec un certain type de couverture (paraffine, PE, vernis, etc.) dans la fabrication d&rsquo;\u00e9crans d&rsquo;affichage, PLV, affiches, etc.<\/p>\n<\/div>\n<\/div>\n<h4>CARACTERiSTIQUES<\/h4>\n<p>Applications d\u0092emballage ou d&rsquo;assemblage de mat\u00e9riaux quand ils pr\u00e9sentent des particuli\u00e8res difficult\u00e9s d&rsquo;adh\u00e9sion.<br \/>\nBo\u00eetes ou \u00e9tuis vernis, pellicul\u00e9s ou en plastique.<br \/>\nTemp\u00e9rature d&rsquo;application: 160-180\u00baC.<br \/>\nEncollage \u00e9lastique et coh\u00e9sif.<br \/>\nS\u00e9chage rapide.<br \/>\nConforme FDA 175.105 pour contact alimentaire indirect.<\/p>\n","protected":false},"excerpt":{"rendered":"<p>ADH\u00c9SIF THERMOFUSIBLE EN SACHETS POUR APPLICATIONS SP\u00c9CIALES. Adh\u00e9sif thermofusible tr\u00e8s<\/p>\n","protected":false},"featured_media":2746,"comment_status":"open","ping_status":"closed","template":"","meta":{"_acf_changed":false},"product_cat":[599,623,995,996,994,1365,1425,1437,1755,1794,602,833,832,937,620,822],"product_tag":[],"acf":[],"_links":{"self":[{"href":"https:\/\/rayt.com\/fr\/wp-json\/wp\/v2\/product\/3166"}],"collection":[{"href":"https:\/\/rayt.com\/fr\/wp-json\/wp\/v2\/product"}],"about":[{"href":"https:\/\/rayt.com\/fr\/wp-json\/wp\/v2\/types\/product"}],"replies":[{"embeddable":true,"href":"https:\/\/rayt.com\/fr\/wp-json\/wp\/v2\/comments?post=3166"}],"wp:featuredmedia":[{"embeddable":true,"href":"https:\/\/rayt.com\/fr\/wp-json\/wp\/v2\/media\/2746"}],"wp:attachment":[{"href":"https:\/\/rayt.com\/fr\/wp-json\/wp\/v2\/media?parent=3166"}],"wp:term":[{"taxonomy":"product_cat","embeddable":true,"href":"https:\/\/rayt.com\/fr\/wp-json\/wp\/v2\/product_cat?post=3166"},{"taxonomy":"product_tag","embeddable":true,"href":"https:\/\/rayt.com\/fr\/wp-json\/wp\/v2\/product_tag?post=3166"}],"curies":[{"name":"wp","href":"https:\/\/api.w.org\/{rel}","templated":true}]}}