{"id":3168,"date":"2020-11-03T09:44:54","date_gmt":"2020-12-15T08:52:37","guid":{"rendered":"http:\/\/rayt.com\/?post_type=product&#038;p=3168"},"modified":"2021-02-17T08:34:13","modified_gmt":"2021-02-17T08:34:13","slug":"g-6778","status":"publish","type":"product","link":"https:\/\/rayt.com\/fr\/producto\/g-6778\/","title":{"rendered":"G-6778 PILLOW"},"content":{"rendered":"<p>ADH\u00c9SIF THERMOFUSIBLE EN SACHETS POUR \u00c9TIQUETAGE. HAUTE QUALIT\u00c9.<br \/>\nAdh\u00e9sif thermofusible en blocs de haute qualit\u00e9 pour l&rsquo;\u00e9tiquetage, m\u00eame des bouteilles contenant des boissons gazeuses.<br \/>\nCouleur clair.<\/p>\n<h4>CARACTERISTIQUES<\/h4>\n<p>Adh\u00e9sif thermo-fusible hot-melt pour l\u0092&rsquo;\u00e9tiquetage enveloppant des emballages plastiques (PE et PET) ou m\u00e9talliques.<br \/>\n\u00c9lev\u00e9 tack \u00e0 chaud, ce qui permet de travailler dans une vari\u00e9t\u00e9 de conditions d&rsquo;humidit\u00e9 et de temp\u00e9rature.<br \/>\nTemp\u00e9rature d&rsquo;application: 130-160\u00baC.<br \/>\nAppropri\u00e9 pour les boissons gazeuses.<br \/>\nConforme FDA 175.105 pour contact alimentaire indirect.<\/p>\n","protected":false},"excerpt":{"rendered":"<p>ADH\u00c9SIF THERMOFUSIBLE EN SACHETS POUR \u00c9TIQUETAGE. HAUTE QUALIT\u00c9. Adh\u00e9sif thermofusible<\/p>\n","protected":false},"featured_media":2730,"comment_status":"open","ping_status":"closed","template":"","meta":{"_acf_changed":false},"product_cat":[963,966,969,747,960,1689,1699,1752,602],"product_tag":[],"acf":[],"_links":{"self":[{"href":"https:\/\/rayt.com\/fr\/wp-json\/wp\/v2\/product\/3168"}],"collection":[{"href":"https:\/\/rayt.com\/fr\/wp-json\/wp\/v2\/product"}],"about":[{"href":"https:\/\/rayt.com\/fr\/wp-json\/wp\/v2\/types\/product"}],"replies":[{"embeddable":true,"href":"https:\/\/rayt.com\/fr\/wp-json\/wp\/v2\/comments?post=3168"}],"wp:featuredmedia":[{"embeddable":true,"href":"https:\/\/rayt.com\/fr\/wp-json\/wp\/v2\/media\/2730"}],"wp:attachment":[{"href":"https:\/\/rayt.com\/fr\/wp-json\/wp\/v2\/media?parent=3168"}],"wp:term":[{"taxonomy":"product_cat","embeddable":true,"href":"https:\/\/rayt.com\/fr\/wp-json\/wp\/v2\/product_cat?post=3168"},{"taxonomy":"product_tag","embeddable":true,"href":"https:\/\/rayt.com\/fr\/wp-json\/wp\/v2\/product_tag?post=3168"}],"curies":[{"name":"wp","href":"https:\/\/api.w.org\/{rel}","templated":true}]}}