{"id":3182,"date":"2020-11-03T09:53:59","date_gmt":"2020-12-15T09:36:11","guid":{"rendered":"http:\/\/rayt.com\/?post_type=product&#038;p=3182"},"modified":"2021-02-17T08:25:15","modified_gmt":"2021-02-17T08:25:15","slug":"g-146","status":"publish","type":"product","link":"https:\/\/rayt.com\/fr\/producto\/g-146\/","title":{"rendered":"G-146"},"content":{"rendered":"<p>COLLE SYNTHETIQUE POUR L&rsquo;\u00c9TIQUETAGE DE BOITES METAL (DEUXI\u00c8ME STATION).<br \/>\nColle pour l&rsquo;\u00e9tiquetage en machines automatiques dans la deuxi\u00e8me partie de l&rsquo;\u00e9tiquetage des bo\u00eetes m\u00e9talliques (papier-papier chevauchement\/fermeture de l&rsquo;\u00e9tiquette).<\/p>\n<h4>CARACTERISTIQUES<\/h4>\n<p>Adh\u00e9sion de papier, de bois ou de carton sur des substrats difficiles: m\u00e9tal, plastique ou caoutchouc.<br \/>\nExcellente adh\u00e9rence \u00e0 la plupart des caoutchoucs utilis\u00e9s dans la fabrication de chaussures.<br \/>\nApplication par injecteurs, rouleau ou manuel.<\/p>\n","protected":false},"excerpt":{"rendered":"<p>COLLE SYNTHETIQUE POUR L&rsquo;\u00c9TIQUETAGE DE BOITES METAL (DEUXI\u00c8ME STATION). Colle<\/p>\n","protected":false},"featured_media":2979,"comment_status":"open","ping_status":"closed","template":"","meta":{"_acf_changed":false},"product_cat":[1661,969,747,960,602],"product_tag":[],"acf":[],"_links":{"self":[{"href":"https:\/\/rayt.com\/fr\/wp-json\/wp\/v2\/product\/3182"}],"collection":[{"href":"https:\/\/rayt.com\/fr\/wp-json\/wp\/v2\/product"}],"about":[{"href":"https:\/\/rayt.com\/fr\/wp-json\/wp\/v2\/types\/product"}],"replies":[{"embeddable":true,"href":"https:\/\/rayt.com\/fr\/wp-json\/wp\/v2\/comments?post=3182"}],"wp:featuredmedia":[{"embeddable":true,"href":"https:\/\/rayt.com\/fr\/wp-json\/wp\/v2\/media\/2979"}],"wp:attachment":[{"href":"https:\/\/rayt.com\/fr\/wp-json\/wp\/v2\/media?parent=3182"}],"wp:term":[{"taxonomy":"product_cat","embeddable":true,"href":"https:\/\/rayt.com\/fr\/wp-json\/wp\/v2\/product_cat?post=3182"},{"taxonomy":"product_tag","embeddable":true,"href":"https:\/\/rayt.com\/fr\/wp-json\/wp\/v2\/product_tag?post=3182"}],"curies":[{"name":"wp","href":"https:\/\/api.w.org\/{rel}","templated":true}]}}