{"id":3191,"date":"2020-11-04T09:29:14","date_gmt":"2020-12-15T10:13:11","guid":{"rendered":"http:\/\/rayt.com\/?post_type=product&#038;p=3191"},"modified":"2021-02-19T15:28:58","modified_gmt":"2021-02-19T15:28:58","slug":"g-6641","status":"publish","type":"product","link":"https:\/\/rayt.com\/fr\/producto\/g-6641\/","title":{"rendered":"G-6641"},"content":{"rendered":"<p>ADH\u00c9SIF THERMOFUSIBLE FLEXIBLE POUR LA FORMATION ET SC\u00c9LLAGE DE BO\u00ceTES DIFFICILES OU POUR CONG\u00c9LATION.<br \/>\nAdh\u00e9sif thermofusible de grande flexibilit\u00e9 et adh\u00e9rence, ce qui le rend id\u00e9al pour le collage de mat\u00e9riaux pour la cong\u00e9lation ou les \u00e9tuis difficiles.<\/p>\n<h4>CARACTERISTIQUES<\/h4>\n<p>Haute vitesse de s\u00e9chage et bonne adh\u00e9rence sur des carton poreux.<br \/>\nConserve la union adh\u00e9sive jusqu&rsquo;\u00e0 la temp\u00e9rature de -35\u00b0C.<br \/>\nFermeture de bo\u00eetes et \u00e9tuis destin\u00e9s \u00e0 la cong\u00e9lation.<br \/>\nTemp\u00e9rature d&rsquo;application: 150-170\u00baC.<br \/>\nTr\u00e8s faible viscosit\u00e9.<br \/>\nConforme FDA 175.105 pour contact alimentaire indirect.<\/p>\n","protected":false},"excerpt":{"rendered":"<p>ADH\u00c9SIF THERMOFUSIBLE FLEXIBLE POUR LA FORMATION ET SC\u00c9LLAGE DE BO\u00ceTES<\/p>\n","protected":false},"featured_media":2855,"comment_status":"open","ping_status":"closed","template":"","meta":{"_acf_changed":false},"product_cat":[747,995,996,994,1774,1776,602],"product_tag":[],"acf":[],"_links":{"self":[{"href":"https:\/\/rayt.com\/fr\/wp-json\/wp\/v2\/product\/3191"}],"collection":[{"href":"https:\/\/rayt.com\/fr\/wp-json\/wp\/v2\/product"}],"about":[{"href":"https:\/\/rayt.com\/fr\/wp-json\/wp\/v2\/types\/product"}],"replies":[{"embeddable":true,"href":"https:\/\/rayt.com\/fr\/wp-json\/wp\/v2\/comments?post=3191"}],"wp:featuredmedia":[{"embeddable":true,"href":"https:\/\/rayt.com\/fr\/wp-json\/wp\/v2\/media\/2855"}],"wp:attachment":[{"href":"https:\/\/rayt.com\/fr\/wp-json\/wp\/v2\/media?parent=3191"}],"wp:term":[{"taxonomy":"product_cat","embeddable":true,"href":"https:\/\/rayt.com\/fr\/wp-json\/wp\/v2\/product_cat?post=3191"},{"taxonomy":"product_tag","embeddable":true,"href":"https:\/\/rayt.com\/fr\/wp-json\/wp\/v2\/product_tag?post=3191"}],"curies":[{"name":"wp","href":"https:\/\/api.w.org\/{rel}","templated":true}]}}