{"id":3194,"date":"2020-11-05T08:25:20","date_gmt":"2020-12-15T10:31:00","guid":{"rendered":"http:\/\/rayt.com\/?post_type=product&#038;p=3194"},"modified":"2021-02-22T07:41:59","modified_gmt":"2021-02-22T07:41:59","slug":"g-135-bo-sd","status":"publish","type":"product","link":"https:\/\/rayt.com\/fr\/producto\/g-135-bo-sd\/","title":{"rendered":"G-135 BO SD"},"content":{"rendered":"<p>ADH\u00c9SIF EN DISPERSION AQUEUSE POUR LA FABRICATION DE SACS, PAQUETS ET SACHETTES. STANDARD.<br \/>\nAdh\u00e9sif particuli\u00e8rement appropi\u00e9 pour le collage du renforcement du c\u00f4t\u00e9 de c\u00f4nes et pour le collage de fonds de ramettes de papier.<\/p>\n<h4>CARACTERISTIQUES<\/h4>\n<p>Encollage de la couture lat\u00e9rale de sacs et de paquets.<br \/>\nProduit de viscosit\u00e9 \u00e9lev\u00e9e, application \u00e0 rouleau.<br \/>\nVitesse de s\u00e9chage moyenne.<br \/>\nTack tr\u00e8s \u00e9lev\u00e9 en humide.<\/p>\n","protected":false},"excerpt":{"rendered":"<p>ADH\u00c9SIF EN DISPERSION AQUEUSE POUR LA FABRICATION DE SACS, PAQUETS<\/p>\n","protected":false},"featured_media":2979,"comment_status":"open","ping_status":"closed","template":"","meta":{"_acf_changed":false},"product_cat":[1605,1756,665,747,662,1004,602,1007,653],"product_tag":[],"acf":[],"_links":{"self":[{"href":"https:\/\/rayt.com\/fr\/wp-json\/wp\/v2\/product\/3194"}],"collection":[{"href":"https:\/\/rayt.com\/fr\/wp-json\/wp\/v2\/product"}],"about":[{"href":"https:\/\/rayt.com\/fr\/wp-json\/wp\/v2\/types\/product"}],"replies":[{"embeddable":true,"href":"https:\/\/rayt.com\/fr\/wp-json\/wp\/v2\/comments?post=3194"}],"wp:featuredmedia":[{"embeddable":true,"href":"https:\/\/rayt.com\/fr\/wp-json\/wp\/v2\/media\/2979"}],"wp:attachment":[{"href":"https:\/\/rayt.com\/fr\/wp-json\/wp\/v2\/media?parent=3194"}],"wp:term":[{"taxonomy":"product_cat","embeddable":true,"href":"https:\/\/rayt.com\/fr\/wp-json\/wp\/v2\/product_cat?post=3194"},{"taxonomy":"product_tag","embeddable":true,"href":"https:\/\/rayt.com\/fr\/wp-json\/wp\/v2\/product_tag?post=3194"}],"curies":[{"name":"wp","href":"https:\/\/api.w.org\/{rel}","templated":true}]}}