{"id":3204,"date":"2020-11-06T08:25:45","date_gmt":"2020-12-15T11:07:30","guid":{"rendered":"http:\/\/rayt.com\/?post_type=product&#038;p=3204"},"modified":"2021-02-19T12:26:32","modified_gmt":"2021-02-19T12:26:32","slug":"g-192-tu-bv","status":"publish","type":"product","link":"https:\/\/rayt.com\/fr\/producto\/g-192-tu-bv\/","title":{"rendered":"G-192-TU BV"},"content":{"rendered":"<p>COLLE SYNTH\u00c9TIQUE EN DISPERSION AQUEUSE POUR LA FABRICATION DE TUBES DE PAPIER. BAISSE VISCOSIT\u00c9.<br \/>\nAdh\u00e9sif sp\u00e9cialement formul\u00e9 pour fournir un collage s\u00fbr dans la fabrication de mandrins sp\u00e9ciaux, jarres, anneaux, en permettant de travailler \u00e0 des vitesses \u00e9lev\u00e9es.<br \/>\nColle \u00e0 haute performance avec une tr\u00e8s bonne consommation.<\/p>\n<h4>CARACTERISTIQUES<\/h4>\n<p>Fabrication de tubes en spirale dans des machines \u00e0 moyenne vitesse en utilisant des papiers poreux classiques.<br \/>\nSans charges.<br \/>\nConforme FDA 175.105 pour contact alimentaire indirect.<\/p>\n","protected":false},"excerpt":{"rendered":"<p>COLLE SYNTH\u00c9TIQUE EN DISPERSION AQUEUSE POUR LA FABRICATION DE TUBES<\/p>\n","protected":false},"featured_media":2978,"comment_status":"open","ping_status":"closed","template":"","meta":{"_acf_changed":false},"product_cat":[1347,1800,1067,1342,602,771,653,743,740],"product_tag":[],"acf":[],"_links":{"self":[{"href":"https:\/\/rayt.com\/fr\/wp-json\/wp\/v2\/product\/3204"}],"collection":[{"href":"https:\/\/rayt.com\/fr\/wp-json\/wp\/v2\/product"}],"about":[{"href":"https:\/\/rayt.com\/fr\/wp-json\/wp\/v2\/types\/product"}],"replies":[{"embeddable":true,"href":"https:\/\/rayt.com\/fr\/wp-json\/wp\/v2\/comments?post=3204"}],"wp:featuredmedia":[{"embeddable":true,"href":"https:\/\/rayt.com\/fr\/wp-json\/wp\/v2\/media\/2978"}],"wp:attachment":[{"href":"https:\/\/rayt.com\/fr\/wp-json\/wp\/v2\/media?parent=3204"}],"wp:term":[{"taxonomy":"product_cat","embeddable":true,"href":"https:\/\/rayt.com\/fr\/wp-json\/wp\/v2\/product_cat?post=3204"},{"taxonomy":"product_tag","embeddable":true,"href":"https:\/\/rayt.com\/fr\/wp-json\/wp\/v2\/product_tag?post=3204"}],"curies":[{"name":"wp","href":"https:\/\/api.w.org\/{rel}","templated":true}]}}