{"id":3208,"date":"2020-11-06T08:28:06","date_gmt":"2020-12-15T11:17:02","guid":{"rendered":"http:\/\/rayt.com\/?post_type=product&#038;p=3208"},"modified":"2021-02-19T12:28:31","modified_gmt":"2021-02-19T12:28:31","slug":"g-194-tu","status":"publish","type":"product","link":"https:\/\/rayt.com\/fr\/producto\/g-194-tu\/","title":{"rendered":"G-194-TU"},"content":{"rendered":"<p>COLLE SYNTH\u00c9TIQUE EN DISPERSION AQUEUSE POUR LA FABRICATION DE TUBES DE PAPIER. MACHINES \u00c0 VITESSE MOYENNE.<br \/>\nAdh\u00e9sif \u00e0 moyennes performances utilisable pour la fabrication de tubes en spirale avec machines \u00e0 vitesse moyenne en utilisant des papiers poreux classiques et brillants.<\/p>\n<h4>CARACTERISTIQUES<\/h4>\n<p>Fabrication de tubes en spirale dans les machines \u00e0 vitesse moyenne, en utilisant des papiers poreux conventionnels ou satin\u00e9s.<br \/>\nTack \u00e9lev\u00e9 en humide.<\/p>\n","protected":false},"excerpt":{"rendered":"<p>COLLE SYNTH\u00c9TIQUE EN DISPERSION AQUEUSE POUR LA FABRICATION DE TUBES<\/p>\n","protected":false},"featured_media":2978,"comment_status":"open","ping_status":"closed","template":"","meta":{"_acf_changed":false},"product_cat":[1347,1800,1067,1342,602,771,653,743,740],"product_tag":[],"acf":[],"_links":{"self":[{"href":"https:\/\/rayt.com\/fr\/wp-json\/wp\/v2\/product\/3208"}],"collection":[{"href":"https:\/\/rayt.com\/fr\/wp-json\/wp\/v2\/product"}],"about":[{"href":"https:\/\/rayt.com\/fr\/wp-json\/wp\/v2\/types\/product"}],"replies":[{"embeddable":true,"href":"https:\/\/rayt.com\/fr\/wp-json\/wp\/v2\/comments?post=3208"}],"wp:featuredmedia":[{"embeddable":true,"href":"https:\/\/rayt.com\/fr\/wp-json\/wp\/v2\/media\/2978"}],"wp:attachment":[{"href":"https:\/\/rayt.com\/fr\/wp-json\/wp\/v2\/media?parent=3208"}],"wp:term":[{"taxonomy":"product_cat","embeddable":true,"href":"https:\/\/rayt.com\/fr\/wp-json\/wp\/v2\/product_cat?post=3208"},{"taxonomy":"product_tag","embeddable":true,"href":"https:\/\/rayt.com\/fr\/wp-json\/wp\/v2\/product_tag?post=3208"}],"curies":[{"name":"wp","href":"https:\/\/api.w.org\/{rel}","templated":true}]}}