{"id":3211,"date":"2020-11-06T08:31:20","date_gmt":"2020-12-15T11:27:12","guid":{"rendered":"http:\/\/rayt.com\/?post_type=product&#038;p=3211"},"modified":"2021-02-19T12:29:43","modified_gmt":"2021-02-19T12:29:43","slug":"g-195-tu","status":"publish","type":"product","link":"https:\/\/rayt.com\/fr\/producto\/g-195-tu\/","title":{"rendered":"G-195-TU"},"content":{"rendered":"<p>COLLE SYNTH\u00c9TIQUE EN DISPERSION AQUEUSE POUR LA FABRICATION DE TUBES DE PAPIER. POLYVALENT.<br \/>\nAdh\u00e9sif utilisable pour la fabrication de tubes en spirale avec machines \u00e0 vitesse moyenne, avec des papiers poreux classiques.<br \/>\n\u00c9galement tr\u00e8s appropri\u00e9 pour laminer carton et microcanal dans les machines automatiques \u00e0 partir de format ou bobine.<\/p>\n<h4>CARACTERISTIQUES<\/h4>\n<p>Laminage de carton et microcanaux dans les machines automatiques (Trilam, HISPALAM, &#8230;) en partant de format ou bande.<br \/>\nFabrication de tubes en spirale dans des machines \u00e0 moyenne vitesse en utilisant des papiers poreux classiques.<br \/>\nConforme FDA 175.105 pour contact alimentaire indirect.<\/p>\n","protected":false},"excerpt":{"rendered":"<p>COLLE SYNTH\u00c9TIQUE EN DISPERSION AQUEUSE POUR LA FABRICATION DE TUBES<\/p>\n","protected":false},"featured_media":2978,"comment_status":"open","ping_status":"closed","template":"","meta":{"_acf_changed":false},"product_cat":[1347,1800,1067,1342,602,771,653,743,740],"product_tag":[],"acf":[],"_links":{"self":[{"href":"https:\/\/rayt.com\/fr\/wp-json\/wp\/v2\/product\/3211"}],"collection":[{"href":"https:\/\/rayt.com\/fr\/wp-json\/wp\/v2\/product"}],"about":[{"href":"https:\/\/rayt.com\/fr\/wp-json\/wp\/v2\/types\/product"}],"replies":[{"embeddable":true,"href":"https:\/\/rayt.com\/fr\/wp-json\/wp\/v2\/comments?post=3211"}],"wp:featuredmedia":[{"embeddable":true,"href":"https:\/\/rayt.com\/fr\/wp-json\/wp\/v2\/media\/2978"}],"wp:attachment":[{"href":"https:\/\/rayt.com\/fr\/wp-json\/wp\/v2\/media?parent=3211"}],"wp:term":[{"taxonomy":"product_cat","embeddable":true,"href":"https:\/\/rayt.com\/fr\/wp-json\/wp\/v2\/product_cat?post=3211"},{"taxonomy":"product_tag","embeddable":true,"href":"https:\/\/rayt.com\/fr\/wp-json\/wp\/v2\/product_tag?post=3211"}],"curies":[{"name":"wp","href":"https:\/\/api.w.org\/{rel}","templated":true}]}}