{"id":3216,"date":"2020-11-06T08:36:56","date_gmt":"2020-12-15T11:36:35","guid":{"rendered":"http:\/\/rayt.com\/?post_type=product&#038;p=3216"},"modified":"2021-02-19T12:30:59","modified_gmt":"2021-02-19T12:30:59","slug":"g-197-tu","status":"publish","type":"product","link":"https:\/\/rayt.com\/fr\/producto\/g-197-tu\/","title":{"rendered":"G-197-TU"},"content":{"rendered":"<p>COLLE SYNTH\u00c9TIQUE EN DISPERSION AQUEUSE POUR LA FABRICATION DE TUBES DE PAPIER. MACHINES \u00c0 TR\u00c8S GRANDE VITESSE.<br \/>\nAdh\u00e9sif \u00e0 moyennes performances utilisable pour la fabrication de tubes en spirale avec machines \u00e0 vitesse moyenne ou rapide en utilisant des papiers poreux classiques et brillant.<\/p>\n<h4>CARACTERISTIQUES<\/h4>\n<p>Excellente adh\u00e9rence en humide.<br \/>\nMachines de vitesse \u00e9lev\u00e9e.<br \/>\nPas de formation de brins.<br \/>\nConforme FDA 175.105 pour contact alimentaire indirect.<\/p>\n","protected":false},"excerpt":{"rendered":"<p>COLLE SYNTH\u00c9TIQUE EN DISPERSION AQUEUSE POUR LA FABRICATION DE TUBES<\/p>\n","protected":false},"featured_media":2978,"comment_status":"open","ping_status":"closed","template":"","meta":{"_acf_changed":false},"product_cat":[1347,1800,1067,1342,602,771,653,743,740],"product_tag":[],"acf":[],"_links":{"self":[{"href":"https:\/\/rayt.com\/fr\/wp-json\/wp\/v2\/product\/3216"}],"collection":[{"href":"https:\/\/rayt.com\/fr\/wp-json\/wp\/v2\/product"}],"about":[{"href":"https:\/\/rayt.com\/fr\/wp-json\/wp\/v2\/types\/product"}],"replies":[{"embeddable":true,"href":"https:\/\/rayt.com\/fr\/wp-json\/wp\/v2\/comments?post=3216"}],"wp:featuredmedia":[{"embeddable":true,"href":"https:\/\/rayt.com\/fr\/wp-json\/wp\/v2\/media\/2978"}],"wp:attachment":[{"href":"https:\/\/rayt.com\/fr\/wp-json\/wp\/v2\/media?parent=3216"}],"wp:term":[{"taxonomy":"product_cat","embeddable":true,"href":"https:\/\/rayt.com\/fr\/wp-json\/wp\/v2\/product_cat?post=3216"},{"taxonomy":"product_tag","embeddable":true,"href":"https:\/\/rayt.com\/fr\/wp-json\/wp\/v2\/product_tag?post=3216"}],"curies":[{"name":"wp","href":"https:\/\/api.w.org\/{rel}","templated":true}]}}