{"id":3224,"date":"2020-11-06T08:18:02","date_gmt":"2020-12-15T11:45:48","guid":{"rendered":"http:\/\/rayt.com\/?post_type=product&#038;p=3224"},"modified":"2021-02-19T12:07:58","modified_gmt":"2021-02-19T12:07:58","slug":"gv-100-tu","status":"publish","type":"product","link":"https:\/\/rayt.com\/fr\/producto\/gv-100-tu\/","title":{"rendered":"GV-100-TU"},"content":{"rendered":"<p>COLLE \u00c0 BASE D&rsquo;AMIDON POUR LA FABRICATION DE TUBES DE PAPIER.<br \/>\nAdh\u00e9sif appropri\u00e9 pour le collage de presque tous les types de papier et de carton, en particulier ceux qui sont utilis\u00e9s dans la fabrication du tuyau en spirale.<\/p>\n<h4>CARACTERISTIQUES<\/h4>\n<p>Appropri\u00e9 pour les machines \u00e0 grande vitesse.<br \/>\nApplicable \u00e0 20-30\u00baC.<br \/>\nHaute duret\u00e9 finale.<br \/>\nConforme FDA 175.105 pour contact alimentaire indirect.<\/p>\n","protected":false},"excerpt":{"rendered":"<p>COLLE \u00c0 BASE D&rsquo;AMIDON POUR LA FABRICATION DE TUBES DE<\/p>\n","protected":false},"featured_media":2978,"comment_status":"open","ping_status":"closed","template":"","meta":{"_acf_changed":false},"product_cat":[1509,602,653,743,740],"product_tag":[],"acf":[],"_links":{"self":[{"href":"https:\/\/rayt.com\/fr\/wp-json\/wp\/v2\/product\/3224"}],"collection":[{"href":"https:\/\/rayt.com\/fr\/wp-json\/wp\/v2\/product"}],"about":[{"href":"https:\/\/rayt.com\/fr\/wp-json\/wp\/v2\/types\/product"}],"replies":[{"embeddable":true,"href":"https:\/\/rayt.com\/fr\/wp-json\/wp\/v2\/comments?post=3224"}],"wp:featuredmedia":[{"embeddable":true,"href":"https:\/\/rayt.com\/fr\/wp-json\/wp\/v2\/media\/2978"}],"wp:attachment":[{"href":"https:\/\/rayt.com\/fr\/wp-json\/wp\/v2\/media?parent=3224"}],"wp:term":[{"taxonomy":"product_cat","embeddable":true,"href":"https:\/\/rayt.com\/fr\/wp-json\/wp\/v2\/product_cat?post=3224"},{"taxonomy":"product_tag","embeddable":true,"href":"https:\/\/rayt.com\/fr\/wp-json\/wp\/v2\/product_tag?post=3224"}],"curies":[{"name":"wp","href":"https:\/\/api.w.org\/{rel}","templated":true}]}}