{"id":3235,"date":"2020-11-06T08:39:33","date_gmt":"2020-12-15T11:55:52","guid":{"rendered":"http:\/\/rayt.com\/?post_type=product&#038;p=3235"},"modified":"2021-02-19T12:06:05","modified_gmt":"2021-02-19T12:06:05","slug":"g-191-tu","status":"publish","type":"product","link":"https:\/\/rayt.com\/fr\/producto\/g-191-tu\/","title":{"rendered":"G-191-TU"},"content":{"rendered":"<p>COLLE SYNTH\u00c9TIQUE EN DISPERSION AQUEUSE POUR LA FABRICATION DE TUBES DE PAPIER. TUYAU PARALL\u00c8LE, PAPIERS DIFFICILES..<br \/>\nAdh\u00e9sif sp\u00e9cialement formul\u00e9 pour la fabrication de tuyau enroul\u00e9 en parall\u00e8le ou spirale avec des papiers de grammage et flexibilit\u00e9 normales.<\/p>\n<h4>CARACTERISTIQUES<\/h4>\n<p>Appropri\u00e9 pour les tubes de grand diam\u00e8tre avec du papier \u00e9pais ou rigide.<br \/>\nRestes possibles de colle s\u00e9ch\u00e9e ne tachent pas le tube.<br \/>\nExcellente adh\u00e9rence en humide.<br \/>\nAbsence d&rsquo;\u00e9claboussures.<br \/>\nConforme FDA 175.105 pour contact alimentaire indirect.<\/p>\n","protected":false},"excerpt":{"rendered":"<p>COLLE SYNTH\u00c9TIQUE EN DISPERSION AQUEUSE POUR LA FABRICATION DE TUBES<\/p>\n","protected":false},"featured_media":2978,"comment_status":"open","ping_status":"closed","template":"","meta":{"_acf_changed":false},"product_cat":[1412,602,653,1001,740],"product_tag":[],"acf":[],"_links":{"self":[{"href":"https:\/\/rayt.com\/fr\/wp-json\/wp\/v2\/product\/3235"}],"collection":[{"href":"https:\/\/rayt.com\/fr\/wp-json\/wp\/v2\/product"}],"about":[{"href":"https:\/\/rayt.com\/fr\/wp-json\/wp\/v2\/types\/product"}],"replies":[{"embeddable":true,"href":"https:\/\/rayt.com\/fr\/wp-json\/wp\/v2\/comments?post=3235"}],"wp:featuredmedia":[{"embeddable":true,"href":"https:\/\/rayt.com\/fr\/wp-json\/wp\/v2\/media\/2978"}],"wp:attachment":[{"href":"https:\/\/rayt.com\/fr\/wp-json\/wp\/v2\/media?parent=3235"}],"wp:term":[{"taxonomy":"product_cat","embeddable":true,"href":"https:\/\/rayt.com\/fr\/wp-json\/wp\/v2\/product_cat?post=3235"},{"taxonomy":"product_tag","embeddable":true,"href":"https:\/\/rayt.com\/fr\/wp-json\/wp\/v2\/product_tag?post=3235"}],"curies":[{"name":"wp","href":"https:\/\/api.w.org\/{rel}","templated":true}]}}