{"id":3273,"date":"2020-10-28T11:40:24","date_gmt":"2020-12-15T15:02:27","guid":{"rendered":"http:\/\/rayt.com\/?post_type=product&#038;p=3273"},"modified":"2021-02-15T10:07:46","modified_gmt":"2021-02-15T10:07:46","slug":"ma-1495-l","status":"publish","type":"product","link":"https:\/\/rayt.com\/fr\/producto\/ma-1495-l\/","title":{"rendered":"MA-1495-L"},"content":{"rendered":"<div id=\"description_content\" class=\"rte align_justify\">\n<div id=\"description_content\" class=\"rte align_justify\">\n<div id=\"description_content\" class=\"rte align_justify\">\n<p>ADH\u00c9SIF D3 DE HAUTE QUALITE POUR LE MEUBLE ET LE BOIS. Temps ouvert long.<\/p>\n<\/div>\n<div id=\"description_content\" class=\"rte align_justify\">\n<p>Adh\u00e9sif \u00e0 usage g\u00e9n\u00e9ral pour l&rsquo;assemblage, les chevilles, le placage en bois ou stratifi\u00e9 en presse \u00e0 froid ou \u00e0 chaud, et toute d&rsquo;autre application de menuiserie ou d&rsquo;\u00e9b\u00e9nisterie.<br \/>\nLong temps ouvert pour des travaux sp\u00e9ciaux.<\/p>\n<\/div>\n<\/div>\n<\/div>\n<h4>CARACTERISTIQUES<\/h4>\n<p>Excellente p\u00e9n\u00e9tration dans le bois, appropri\u00e9 \u00e0 toutes les applications o\u00f9 une bonne r\u00e9sistance \u00e0 l&rsquo;eau, la chaleur et la traction est n\u00e9cessaire.<br \/>\nR\u00e9sistant \u00e0 l&rsquo;humidit\u00e9, est conforme \u00e0 EN 204 D3 avec le durcisseur, est conforme \u00e0 EN 204 D4.<br \/>\nTr\u00e8s peu de coloration dans des bois sensibles.<br \/>\nApplicable par collage rouleau, brosse, etc.<br \/>\nTemps ouvert excellente.<\/p>\n","protected":false},"excerpt":{"rendered":"<p>ADH\u00c9SIF D3 DE HAUTE QUALITE POUR LE MEUBLE ET LE<\/p>\n","protected":false},"featured_media":2996,"comment_status":"open","ping_status":"closed","template":"","meta":{"_acf_changed":false},"product_cat":[816,1464,1510,602,885,937,882,819],"product_tag":[],"acf":[],"_links":{"self":[{"href":"https:\/\/rayt.com\/fr\/wp-json\/wp\/v2\/product\/3273"}],"collection":[{"href":"https:\/\/rayt.com\/fr\/wp-json\/wp\/v2\/product"}],"about":[{"href":"https:\/\/rayt.com\/fr\/wp-json\/wp\/v2\/types\/product"}],"replies":[{"embeddable":true,"href":"https:\/\/rayt.com\/fr\/wp-json\/wp\/v2\/comments?post=3273"}],"wp:featuredmedia":[{"embeddable":true,"href":"https:\/\/rayt.com\/fr\/wp-json\/wp\/v2\/media\/2996"}],"wp:attachment":[{"href":"https:\/\/rayt.com\/fr\/wp-json\/wp\/v2\/media?parent=3273"}],"wp:term":[{"taxonomy":"product_cat","embeddable":true,"href":"https:\/\/rayt.com\/fr\/wp-json\/wp\/v2\/product_cat?post=3273"},{"taxonomy":"product_tag","embeddable":true,"href":"https:\/\/rayt.com\/fr\/wp-json\/wp\/v2\/product_tag?post=3273"}],"curies":[{"name":"wp","href":"https:\/\/api.w.org\/{rel}","templated":true}]}}