{"id":3285,"date":"2020-12-16T08:20:26","date_gmt":"2020-12-16T08:20:26","guid":{"rendered":"http:\/\/rayt.com\/?post_type=product&#038;p=3285"},"modified":"2021-02-22T11:03:16","modified_gmt":"2021-02-22T11:03:16","slug":"novopur-sella-fix-60-copia","status":"publish","type":"product","link":"https:\/\/rayt.com\/fr\/producto\/novopur-sella-fix-60-copia\/","title":{"rendered":"Novopur Sella-Fix 60 (copia)"},"content":{"rendered":"<p>Produit de colmatage \u00e0 base de polym\u00e8re hybride qui fixe et remplit sur des surfaces humides et d\u2019autres mat\u00e9riaux comme l\u2019acier inoxydable, le verre, le cuivre, le granite, le PVC, etc. Sp\u00e9cialement con\u00e7u pour la fixation de miroirs car il pr\u00e9serve leur traitement.<\/p>\n","protected":false},"excerpt":{"rendered":"<p>Produit de colmatage \u00e0 base de polym\u00e8re hybride qui fixe<\/p>\n","protected":false},"featured_media":2289,"comment_status":"open","ping_status":"closed","template":"","meta":{"_acf_changed":false},"product_cat":[1458,816,602,937,819],"product_tag":[],"acf":[],"_links":{"self":[{"href":"https:\/\/rayt.com\/fr\/wp-json\/wp\/v2\/product\/3285"}],"collection":[{"href":"https:\/\/rayt.com\/fr\/wp-json\/wp\/v2\/product"}],"about":[{"href":"https:\/\/rayt.com\/fr\/wp-json\/wp\/v2\/types\/product"}],"replies":[{"embeddable":true,"href":"https:\/\/rayt.com\/fr\/wp-json\/wp\/v2\/comments?post=3285"}],"wp:featuredmedia":[{"embeddable":true,"href":"https:\/\/rayt.com\/fr\/wp-json\/wp\/v2\/media\/2289"}],"wp:attachment":[{"href":"https:\/\/rayt.com\/fr\/wp-json\/wp\/v2\/media?parent=3285"}],"wp:term":[{"taxonomy":"product_cat","embeddable":true,"href":"https:\/\/rayt.com\/fr\/wp-json\/wp\/v2\/product_cat?post=3285"},{"taxonomy":"product_tag","embeddable":true,"href":"https:\/\/rayt.com\/fr\/wp-json\/wp\/v2\/product_tag?post=3285"}],"curies":[{"name":"wp","href":"https:\/\/api.w.org\/{rel}","templated":true}]}}