{"id":3288,"date":"2020-11-05T11:54:04","date_gmt":"2020-12-16T08:31:43","guid":{"rendered":"http:\/\/rayt.com\/?post_type=product&#038;p=3288"},"modified":"2021-02-19T12:03:19","modified_gmt":"2021-02-19T12:03:19","slug":"g-149-f","status":"publish","type":"product","link":"https:\/\/rayt.com\/fr\/producto\/g-149-f\/","title":{"rendered":"G-149-F"},"content":{"rendered":"<p>COLLE EN DISPERSION AQUEUSE POUR LA FABRICATION D&rsquo;\u00c9TUIS. APPLICATEURS HHS.<br \/>\nAdh\u00e9sif de haute qualit\u00e9 pour la couture lat\u00e9ral d&rsquo;\u00e9tuis et dossiers avec machines plieuses \u00e0 haute performance, avec application par injecteur.<br \/>\nExcellente usinabilit\u00e9, qui ne s\u00e8che pas dans les buses.<br \/>\nId\u00e9al pour pistolets \u00e9lectriques.<\/p>\n<h4>CARACTERISTIQUES<\/h4>\n<p>Excellent \u00e9quilibre de temps ouvert &#8211; temps de s\u00e9chage.<br \/>\nApplication par injecteurs de type HHS.<br \/>\nNe s\u00e8che pas \u00e0 la buse.<br \/>\nAbsence de gouttes.<br \/>\nFacile \u00e0 nettoyer.<br \/>\nConforme FDA 175.105 pour contact alimentaire indirect.<\/p>\n","protected":false},"excerpt":{"rendered":"<p>COLLE EN DISPERSION AQUEUSE POUR LA FABRICATION D&rsquo;\u00c9TUIS. APPLICATEURS HHS.<\/p>\n","protected":false},"featured_media":3052,"comment_status":"open","ping_status":"closed","template":"","meta":{"_acf_changed":false},"product_cat":[1556,1407,1411,734,1492,731,602,653],"product_tag":[],"acf":[],"_links":{"self":[{"href":"https:\/\/rayt.com\/fr\/wp-json\/wp\/v2\/product\/3288"}],"collection":[{"href":"https:\/\/rayt.com\/fr\/wp-json\/wp\/v2\/product"}],"about":[{"href":"https:\/\/rayt.com\/fr\/wp-json\/wp\/v2\/types\/product"}],"replies":[{"embeddable":true,"href":"https:\/\/rayt.com\/fr\/wp-json\/wp\/v2\/comments?post=3288"}],"wp:featuredmedia":[{"embeddable":true,"href":"https:\/\/rayt.com\/fr\/wp-json\/wp\/v2\/media\/3052"}],"wp:attachment":[{"href":"https:\/\/rayt.com\/fr\/wp-json\/wp\/v2\/media?parent=3288"}],"wp:term":[{"taxonomy":"product_cat","embeddable":true,"href":"https:\/\/rayt.com\/fr\/wp-json\/wp\/v2\/product_cat?post=3288"},{"taxonomy":"product_tag","embeddable":true,"href":"https:\/\/rayt.com\/fr\/wp-json\/wp\/v2\/product_tag?post=3288"}],"curies":[{"name":"wp","href":"https:\/\/api.w.org\/{rel}","templated":true}]}}