{"id":3291,"date":"2020-11-05T11:58:22","date_gmt":"2020-12-16T08:42:36","guid":{"rendered":"http:\/\/rayt.com\/?post_type=product&#038;p=3291"},"modified":"2021-02-19T12:02:04","modified_gmt":"2021-02-19T12:02:04","slug":"g-149-vi","status":"publish","type":"product","link":"https:\/\/rayt.com\/fr\/producto\/g-149-vi\/","title":{"rendered":"G-149-VI"},"content":{"rendered":"<p>COLLE EN DISPERSION AQUEUSE POUR LA FABRICATION D&rsquo;\u00c9TUIS. VISCOSIT\u00c9 BAISSE.<br \/>\nAdh\u00e9sif de haute qualit\u00e9 pour la couture lat\u00e9ral d&rsquo;\u00e9tuis, formulaires et dossiers avec machines plieuses \u00e0 haute performance, avec application par injecteur.<\/p>\n<h4>CARACTERISTIQUES<\/h4>\n<p>Excellent \u00e9quilibre de temps ouvert &#8211; temps de s\u00e9chage.<br \/>\nApplication par injecteurs.<br \/>\nNe s\u00e8che pas \u00e0 la buse.<br \/>\nAbsence de gouttes.<br \/>\nFacile \u00e0 nettoyer.<br \/>\nConforme FDA 175.105 pour contact alimentaire indirect.<\/p>\n","protected":false},"excerpt":{"rendered":"<p>COLLE EN DISPERSION AQUEUSE POUR LA FABRICATION D&rsquo;\u00c9TUIS. VISCOSIT\u00c9 BAISSE.<\/p>\n","protected":false},"featured_media":3052,"comment_status":"open","ping_status":"closed","template":"","meta":{"_acf_changed":false},"product_cat":[599,1556,1338,1407,1411,734,623,1492,731,602,620,653],"product_tag":[],"acf":[],"_links":{"self":[{"href":"https:\/\/rayt.com\/fr\/wp-json\/wp\/v2\/product\/3291"}],"collection":[{"href":"https:\/\/rayt.com\/fr\/wp-json\/wp\/v2\/product"}],"about":[{"href":"https:\/\/rayt.com\/fr\/wp-json\/wp\/v2\/types\/product"}],"replies":[{"embeddable":true,"href":"https:\/\/rayt.com\/fr\/wp-json\/wp\/v2\/comments?post=3291"}],"wp:featuredmedia":[{"embeddable":true,"href":"https:\/\/rayt.com\/fr\/wp-json\/wp\/v2\/media\/3052"}],"wp:attachment":[{"href":"https:\/\/rayt.com\/fr\/wp-json\/wp\/v2\/media?parent=3291"}],"wp:term":[{"taxonomy":"product_cat","embeddable":true,"href":"https:\/\/rayt.com\/fr\/wp-json\/wp\/v2\/product_cat?post=3291"},{"taxonomy":"product_tag","embeddable":true,"href":"https:\/\/rayt.com\/fr\/wp-json\/wp\/v2\/product_tag?post=3291"}],"curies":[{"name":"wp","href":"https:\/\/api.w.org\/{rel}","templated":true}]}}