{"id":3295,"date":"2020-12-16T08:40:48","date_gmt":"2020-12-16T08:40:49","guid":{"rendered":"http:\/\/rayt.com\/?post_type=product&#038;p=3295"},"modified":"2023-04-25T14:46:22","modified_gmt":"2023-04-25T14:46:22","slug":"pu-500-copia","status":"publish","type":"product","link":"https:\/\/rayt.com\/fr\/producto\/pu-500-copia\/","title":{"rendered":"PU-500 (industria)"},"content":{"rendered":"<p>Adh\u00e9sif en polyur\u00e9thane monocomposant avec des propri\u00e9t\u00e9s de remplissage pour la pose de socles m\u00e9talliques pour les sols techniques. Durcit par r\u00e9action \u00e0 l\u2019humidit\u00e9.<br \/>\nConvient \u00e9galement pour l\u2019encollage de parquet stratifi\u00e9. Conforme \u00e0 la norme UNE EN 204, D4.<\/p>\n<h4>CARACT\u00c9RISTIQUES<\/h4>\n<p>Rendement estim\u00e9 : 8 &#8211; 10 g par cheville de sol technique.<\/p>\n<p>&nbsp;<\/p>\n<p><strong>Pour une utilisation s\u00fbre des mousses contenant des diisocyanates, nous proposons \u00e0 nos utilisateurs une formation \u00e0 la s\u00e9curit\u00e9, obligatoire pour les utilisateurs professionnels et industriels.<\/strong><\/p>\n<p><a class=\"fasc-button fasc-size-large fasc-type-flat fasc-style-bold\" style=\"background-color: #ff010b; color: #ffffff;\" target=\"_blank\" rel=\"noopener noreferrer\" href=\"https:\/\/isopa-aisbl.idloom.events\/048-fr\">Nous offrons une formation en ligne gratuite, ainsi qu&rsquo;un certificat de fin d&rsquo;\u00e9tudes, avec le code suivant : FEICA_21_N3<\/a><\/p>\n","protected":false},"excerpt":{"rendered":"<p>Adh\u00e9sif en polyur\u00e9thane monocomposant avec des propri\u00e9t\u00e9s de remplissage pour<\/p>\n","protected":false},"featured_media":5699,"comment_status":"open","ping_status":"closed","template":"","meta":{"_acf_changed":false},"product_cat":[1458,816,602,937,819],"product_tag":[],"acf":[],"_links":{"self":[{"href":"https:\/\/rayt.com\/fr\/wp-json\/wp\/v2\/product\/3295"}],"collection":[{"href":"https:\/\/rayt.com\/fr\/wp-json\/wp\/v2\/product"}],"about":[{"href":"https:\/\/rayt.com\/fr\/wp-json\/wp\/v2\/types\/product"}],"replies":[{"embeddable":true,"href":"https:\/\/rayt.com\/fr\/wp-json\/wp\/v2\/comments?post=3295"}],"wp:featuredmedia":[{"embeddable":true,"href":"https:\/\/rayt.com\/fr\/wp-json\/wp\/v2\/media\/5699"}],"wp:attachment":[{"href":"https:\/\/rayt.com\/fr\/wp-json\/wp\/v2\/media?parent=3295"}],"wp:term":[{"taxonomy":"product_cat","embeddable":true,"href":"https:\/\/rayt.com\/fr\/wp-json\/wp\/v2\/product_cat?post=3295"},{"taxonomy":"product_tag","embeddable":true,"href":"https:\/\/rayt.com\/fr\/wp-json\/wp\/v2\/product_tag?post=3295"}],"curies":[{"name":"wp","href":"https:\/\/api.w.org\/{rel}","templated":true}]}}