{"id":3303,"date":"2020-10-29T08:52:37","date_gmt":"2020-12-16T08:47:46","guid":{"rendered":"http:\/\/rayt.com\/?post_type=product&#038;p=3303"},"modified":"2021-03-01T11:19:34","modified_gmt":"2021-03-01T11:19:34","slug":"pu-505-poliuretano","status":"publish","type":"product","link":"https:\/\/rayt.com\/fr\/producto\/pu-505-poliuretano\/","title":{"rendered":"PU-505 POLIURETANO"},"content":{"rendered":"<div id=\"description_block\">\n<div id=\"description_content\" class=\"rte align_justify\">\n<p>ADH\u00c9SIF POLYUR\u00c9THANE MONOCOMPOSANT POUR DES ENCOLLAGES R\u00c9SISTANTS \u00c0 L&rsquo; EXPOSITION EXT\u00c9RIEURE. HAUTE QUALIT\u00c9.<\/p>\n<\/div>\n<div id=\"description_content\" class=\"rte align_justify\">\n<p>Adh\u00e9sif en base de polyur\u00e9thane appropri\u00e9 pour le bois (y compris tropicale), le pl\u00e2tre, le m\u00e9tal, le b\u00e9ton, la mousse d&rsquo;isolation, les panneaux de laine min\u00e9rale, les tuiles et d&rsquo;autres mat\u00e9riaux. R\u00e9sistant \u00e0 l&rsquo;humidit\u00e9 D4 (EN204\/205).<\/p>\n<\/div>\n<\/div>\n<h4>CARACTERISTIQUES<\/h4>\n<p>Appropri\u00e9 pour des bois exotiques et graisses, le m\u00e9tal, le b\u00e9ton, etc.<br \/>\nHaute r\u00e9sistance \u00e0 l&rsquo;humidit\u00e9 (D4 selon la norme EN-204).<br \/>\nAppropri\u00e9 par int\u00e9rieur et ext\u00e9rieur.<br \/>\nAdh\u00e9sif polyur\u00e9thane monocomposant.<\/p>\n","protected":false},"excerpt":{"rendered":"<p>ADH\u00c9SIF POLYUR\u00c9THANE MONOCOMPOSANT POUR DES ENCOLLAGES R\u00c9SISTANTS \u00c0 L&rsquo; EXPOSITION<\/p>\n","protected":false},"featured_media":3304,"comment_status":"open","ping_status":"closed","template":"","meta":{"_acf_changed":false},"product_cat":[1458,1529,1632,816,858,857,900,602,937,909,864],"product_tag":[],"acf":[],"_links":{"self":[{"href":"https:\/\/rayt.com\/fr\/wp-json\/wp\/v2\/product\/3303"}],"collection":[{"href":"https:\/\/rayt.com\/fr\/wp-json\/wp\/v2\/product"}],"about":[{"href":"https:\/\/rayt.com\/fr\/wp-json\/wp\/v2\/types\/product"}],"replies":[{"embeddable":true,"href":"https:\/\/rayt.com\/fr\/wp-json\/wp\/v2\/comments?post=3303"}],"wp:featuredmedia":[{"embeddable":true,"href":"https:\/\/rayt.com\/fr\/wp-json\/wp\/v2\/media\/3304"}],"wp:attachment":[{"href":"https:\/\/rayt.com\/fr\/wp-json\/wp\/v2\/media?parent=3303"}],"wp:term":[{"taxonomy":"product_cat","embeddable":true,"href":"https:\/\/rayt.com\/fr\/wp-json\/wp\/v2\/product_cat?post=3303"},{"taxonomy":"product_tag","embeddable":true,"href":"https:\/\/rayt.com\/fr\/wp-json\/wp\/v2\/product_tag?post=3303"}],"curies":[{"name":"wp","href":"https:\/\/api.w.org\/{rel}","templated":true}]}}