{"id":3308,"date":"2020-11-05T11:27:05","date_gmt":"2020-12-16T08:53:46","guid":{"rendered":"http:\/\/rayt.com\/?post_type=product&#038;p=3308"},"modified":"2021-02-19T12:00:53","modified_gmt":"2021-02-19T12:00:53","slug":"g-151-en","status":"publish","type":"product","link":"https:\/\/rayt.com\/fr\/producto\/g-151-en\/","title":{"rendered":"G-151-EN"},"content":{"rendered":"<p>COLLE EN DISPERSION AQUEUSE \u00c0 HAUTE PERFORMANCE.<br \/>\nAdh\u00e9sif con\u00e7u pour coller les coutures longitudinales des \u00e9tuis en carton et des bo\u00eetes en carton ondul\u00e9 dans les machines automatiques \u00e0 haute cadence munies des applicateurs de disque ou rouleau.<\/p>\n<h4>CARACTERISTIQUES<\/h4>\n<p>Fabrication d&rsquo;\u0092\u00e9tuis (couture longitudinale) de carton couch\u00e9 et de bo\u00eetes en carton ondul\u00e9 dans les machines automatiques \u00e0 haute vitesse et pour sa fermeture.<br \/>\nApplication par disque ou par rouleau.<br \/>\nTack \u00e9lev\u00e9 en humide.<br \/>\nSans de charges.<br \/>\nConforme FDA 175.105 pour contact alimentaire indirect.<\/p>\n","protected":false},"excerpt":{"rendered":"<p>COLLE EN DISPERSION AQUEUSE \u00c0 HAUTE PERFORMANCE. Adh\u00e9sif con\u00e7u pour<\/p>\n","protected":false},"featured_media":3052,"comment_status":"open","ping_status":"closed","template":"","meta":{"_acf_changed":false},"product_cat":[1556,1400,1407,1411,734,710,1492,713,731,602,653],"product_tag":[],"acf":[],"_links":{"self":[{"href":"https:\/\/rayt.com\/fr\/wp-json\/wp\/v2\/product\/3308"}],"collection":[{"href":"https:\/\/rayt.com\/fr\/wp-json\/wp\/v2\/product"}],"about":[{"href":"https:\/\/rayt.com\/fr\/wp-json\/wp\/v2\/types\/product"}],"replies":[{"embeddable":true,"href":"https:\/\/rayt.com\/fr\/wp-json\/wp\/v2\/comments?post=3308"}],"wp:featuredmedia":[{"embeddable":true,"href":"https:\/\/rayt.com\/fr\/wp-json\/wp\/v2\/media\/3052"}],"wp:attachment":[{"href":"https:\/\/rayt.com\/fr\/wp-json\/wp\/v2\/media?parent=3308"}],"wp:term":[{"taxonomy":"product_cat","embeddable":true,"href":"https:\/\/rayt.com\/fr\/wp-json\/wp\/v2\/product_cat?post=3308"},{"taxonomy":"product_tag","embeddable":true,"href":"https:\/\/rayt.com\/fr\/wp-json\/wp\/v2\/product_tag?post=3308"}],"curies":[{"name":"wp","href":"https:\/\/api.w.org\/{rel}","templated":true}]}}