{"id":3318,"date":"2020-11-05T11:27:41","date_gmt":"2020-12-16T09:05:30","guid":{"rendered":"http:\/\/rayt.com\/?post_type=product&#038;p=3318"},"modified":"2021-02-19T11:59:15","modified_gmt":"2021-02-19T11:59:15","slug":"g-153-en-2","status":"publish","type":"product","link":"https:\/\/rayt.com\/fr\/producto\/g-153-en-2\/","title":{"rendered":"G-153-EN 2"},"content":{"rendered":"<p>ADH\u00c9SIF EN DISPERSION AQUEUSE POUR LA COUTURE LONGITUDINALE DE BO\u00ceTES EN CARTON.<br \/>\nAdh\u00e9sif appropri\u00e9 pour le collage de couture longitudinale des bo\u00eetes en carton rev\u00eatu et des bo\u00eetes en carton ondul\u00e9 dans les machines automatiques \u00e0 haute cadence, avec applicateurs \u00e0 disc, rouleau ou injecteur.<\/p>\n<h4>CARACTERISTIQUES<\/h4>\n<p>Couture longitudinal de bo\u00eetes en carton recouvert, de bo\u00eetes \u00e0 fond automatique, de bo\u00eetes en carton ondul\u00e9, \u00e9tanch\u00e9it\u00e9 de sacs, confection de plateaux, etc.<br \/>\nApplication par injection, disque ou rouleau.<br \/>\nTack \u00e9lev\u00e9 en humide.<br \/>\nSans de charges.<br \/>\nConforme FDA 175.105 pour contact alimentaire indirect.<\/p>\n","protected":false},"excerpt":{"rendered":"<p>ADH\u00c9SIF EN DISPERSION AQUEUSE POUR LA COUTURE LONGITUDINALE DE BO\u00ceTES<\/p>\n","protected":false},"featured_media":3052,"comment_status":"open","ping_status":"closed","template":"","meta":{"_acf_changed":false},"product_cat":[1556,1400,1407,1411,734,710,1492,713,731,602,653],"product_tag":[],"acf":[],"_links":{"self":[{"href":"https:\/\/rayt.com\/fr\/wp-json\/wp\/v2\/product\/3318"}],"collection":[{"href":"https:\/\/rayt.com\/fr\/wp-json\/wp\/v2\/product"}],"about":[{"href":"https:\/\/rayt.com\/fr\/wp-json\/wp\/v2\/types\/product"}],"replies":[{"embeddable":true,"href":"https:\/\/rayt.com\/fr\/wp-json\/wp\/v2\/comments?post=3318"}],"wp:featuredmedia":[{"embeddable":true,"href":"https:\/\/rayt.com\/fr\/wp-json\/wp\/v2\/media\/3052"}],"wp:attachment":[{"href":"https:\/\/rayt.com\/fr\/wp-json\/wp\/v2\/media?parent=3318"}],"wp:term":[{"taxonomy":"product_cat","embeddable":true,"href":"https:\/\/rayt.com\/fr\/wp-json\/wp\/v2\/product_cat?post=3318"},{"taxonomy":"product_tag","embeddable":true,"href":"https:\/\/rayt.com\/fr\/wp-json\/wp\/v2\/product_tag?post=3318"}],"curies":[{"name":"wp","href":"https:\/\/api.w.org\/{rel}","templated":true}]}}