{"id":3321,"date":"2020-11-05T12:04:33","date_gmt":"2020-12-16T09:14:34","guid":{"rendered":"http:\/\/rayt.com\/?post_type=product&#038;p=3321"},"modified":"2021-02-19T11:57:21","modified_gmt":"2021-02-19T11:57:21","slug":"g-156-et","status":"publish","type":"product","link":"https:\/\/rayt.com\/fr\/producto\/g-156-et\/","title":{"rendered":"G-156-ET"},"content":{"rendered":"<p>COLLE EN DISPERSION AQUEUSE POUR LA FABRICATION D&rsquo;\u00c9TUIS. HAUTE VISCOSIT\u00c9.<br \/>\nAdh\u00e9sif appropri\u00e9 pour utilisation dans les coutures longitudinales des bo\u00eetes en carton verni, appliqu\u00e9e au rouleau ou disc.<\/p>\n<h4>CARACTERISTIQUES<\/h4>\n<p>Excellente adh\u00e9rence au vernissage..<br \/>\nTemps de s\u00e9chage \u00e0 grande vitesse.<br \/>\nApplication \u00e0 rouleau.<br \/>\nConforme FDA 175.105 pour contact alimentaire indirect.<\/p>\n","protected":false},"excerpt":{"rendered":"<p>COLLE EN DISPERSION AQUEUSE POUR LA FABRICATION D&rsquo;\u00c9TUIS. HAUTE VISCOSIT\u00c9.<\/p>\n","protected":false},"featured_media":3052,"comment_status":"open","ping_status":"closed","template":"","meta":{"_acf_changed":false},"product_cat":[1556,1407,1411,734,1492,731,602,653],"product_tag":[],"acf":[],"_links":{"self":[{"href":"https:\/\/rayt.com\/fr\/wp-json\/wp\/v2\/product\/3321"}],"collection":[{"href":"https:\/\/rayt.com\/fr\/wp-json\/wp\/v2\/product"}],"about":[{"href":"https:\/\/rayt.com\/fr\/wp-json\/wp\/v2\/types\/product"}],"replies":[{"embeddable":true,"href":"https:\/\/rayt.com\/fr\/wp-json\/wp\/v2\/comments?post=3321"}],"wp:featuredmedia":[{"embeddable":true,"href":"https:\/\/rayt.com\/fr\/wp-json\/wp\/v2\/media\/3052"}],"wp:attachment":[{"href":"https:\/\/rayt.com\/fr\/wp-json\/wp\/v2\/media?parent=3321"}],"wp:term":[{"taxonomy":"product_cat","embeddable":true,"href":"https:\/\/rayt.com\/fr\/wp-json\/wp\/v2\/product_cat?post=3321"},{"taxonomy":"product_tag","embeddable":true,"href":"https:\/\/rayt.com\/fr\/wp-json\/wp\/v2\/product_tag?post=3321"}],"curies":[{"name":"wp","href":"https:\/\/api.w.org\/{rel}","templated":true}]}}