{"id":3327,"date":"2020-11-05T12:06:42","date_gmt":"2020-12-16T09:23:42","guid":{"rendered":"http:\/\/rayt.com\/?post_type=product&#038;p=3327"},"modified":"2021-02-19T11:55:50","modified_gmt":"2021-02-19T11:55:50","slug":"g-174","status":"publish","type":"product","link":"https:\/\/rayt.com\/fr\/producto\/g-174\/","title":{"rendered":"G-174"},"content":{"rendered":"<p>COLLE EN DISPERSION AQUEUSE POUR LA FABRICATION D&rsquo;\u00c9TUIS. POUR MAT\u00c9RIELS DIFFICILES.<br \/>\nAdh\u00e9sif appropri\u00e9 pour l&rsquo;encollage de mat\u00e9riaux difficiles pour la formation de bo\u00eetes en carton verni ou rev\u00eatu, appliqu\u00e9 au rouleau ou au disque.<br \/>\nProduit r\u00e9sistant \u00e0 la chaleur.<\/p>\n<h4>CARACTERISTIQUES<\/h4>\n<p>Excellente adh\u00e9rence au vernissage ou plastifi\u00e9s.<br \/>\nTemps de s\u00e9chage \u00e0 grande vitesse.<br \/>\nApplication \u00e0 rouleau.<br \/>\nConforme FDA 175.105 pour contact alimentaire indirect.<\/p>\n","protected":false},"excerpt":{"rendered":"<p>COLLE EN DISPERSION AQUEUSE POUR LA FABRICATION D&rsquo;\u00c9TUIS. POUR MAT\u00c9RIELS<\/p>\n","protected":false},"featured_media":3052,"comment_status":"open","ping_status":"closed","template":"","meta":{"_acf_changed":false},"product_cat":[1556,1407,1411,734,1492,731,602,653],"product_tag":[],"acf":[],"_links":{"self":[{"href":"https:\/\/rayt.com\/fr\/wp-json\/wp\/v2\/product\/3327"}],"collection":[{"href":"https:\/\/rayt.com\/fr\/wp-json\/wp\/v2\/product"}],"about":[{"href":"https:\/\/rayt.com\/fr\/wp-json\/wp\/v2\/types\/product"}],"replies":[{"embeddable":true,"href":"https:\/\/rayt.com\/fr\/wp-json\/wp\/v2\/comments?post=3327"}],"wp:featuredmedia":[{"embeddable":true,"href":"https:\/\/rayt.com\/fr\/wp-json\/wp\/v2\/media\/3052"}],"wp:attachment":[{"href":"https:\/\/rayt.com\/fr\/wp-json\/wp\/v2\/media?parent=3327"}],"wp:term":[{"taxonomy":"product_cat","embeddable":true,"href":"https:\/\/rayt.com\/fr\/wp-json\/wp\/v2\/product_cat?post=3327"},{"taxonomy":"product_tag","embeddable":true,"href":"https:\/\/rayt.com\/fr\/wp-json\/wp\/v2\/product_tag?post=3327"}],"curies":[{"name":"wp","href":"https:\/\/api.w.org\/{rel}","templated":true}]}}