{"id":3334,"date":"2020-11-05T12:12:44","date_gmt":"2020-12-16T09:34:37","guid":{"rendered":"http:\/\/rayt.com\/?post_type=product&#038;p=3334"},"modified":"2021-02-19T11:39:16","modified_gmt":"2021-02-19T11:39:16","slug":"g-164-cv","status":"publish","type":"product","link":"https:\/\/rayt.com\/fr\/producto\/g-164-cv\/","title":{"rendered":"G-164-CV"},"content":{"rendered":"<p>COLLE EN DISPERSION AQUEUSE POUR LA FABRICATION D&rsquo;\u00c9TUIS. FEN\u00caTRES.<br \/>\nAdh\u00e9sif pour le collage de fen\u00eatres en cellophane, PVC, polystyr\u00e8ne, etc. aux bo\u00eetes en carton, appliqu\u00e9 \u00e0 la machine ou \u00e0 la main.<\/p>\n<h4>CARACTERISTIQUES<\/h4>\n<p>Utilisable sur la plupart des machines conventionnelles.<br \/>\nBonne adh\u00e9rence sur cellophane, polyester, PVC, etc.<br \/>\nApplication par disque ou rouleau.<br \/>\nNe produits pas de rides.<br \/>\nConforme FDA 175.105 pour contact alimentaire indirect.<\/p>\n","protected":false},"excerpt":{"rendered":"<p>COLLE EN DISPERSION AQUEUSE POUR LA FABRICATION D&rsquo;\u00c9TUIS. FEN\u00caTRES. Adh\u00e9sif<\/p>\n","protected":false},"featured_media":3052,"comment_status":"open","ping_status":"closed","template":"","meta":{"_acf_changed":false},"product_cat":[737,1409,731,602,653],"product_tag":[],"acf":[],"_links":{"self":[{"href":"https:\/\/rayt.com\/fr\/wp-json\/wp\/v2\/product\/3334"}],"collection":[{"href":"https:\/\/rayt.com\/fr\/wp-json\/wp\/v2\/product"}],"about":[{"href":"https:\/\/rayt.com\/fr\/wp-json\/wp\/v2\/types\/product"}],"replies":[{"embeddable":true,"href":"https:\/\/rayt.com\/fr\/wp-json\/wp\/v2\/comments?post=3334"}],"wp:featuredmedia":[{"embeddable":true,"href":"https:\/\/rayt.com\/fr\/wp-json\/wp\/v2\/media\/3052"}],"wp:attachment":[{"href":"https:\/\/rayt.com\/fr\/wp-json\/wp\/v2\/media?parent=3334"}],"wp:term":[{"taxonomy":"product_cat","embeddable":true,"href":"https:\/\/rayt.com\/fr\/wp-json\/wp\/v2\/product_cat?post=3334"},{"taxonomy":"product_tag","embeddable":true,"href":"https:\/\/rayt.com\/fr\/wp-json\/wp\/v2\/product_tag?post=3334"}],"curies":[{"name":"wp","href":"https:\/\/api.w.org\/{rel}","templated":true}]}}