{"id":3340,"date":"2020-11-06T08:50:04","date_gmt":"2020-12-16T09:43:59","guid":{"rendered":"http:\/\/rayt.com\/?post_type=product&#038;p=3340"},"modified":"2021-02-19T11:30:19","modified_gmt":"2021-02-19T11:30:19","slug":"g-13-me","status":"publish","type":"product","link":"https:\/\/rayt.com\/fr\/producto\/g-13-me\/","title":{"rendered":"G-13-ME"},"content":{"rendered":"<p>COLLE EN DISPERSION AQUEUSE POUR LA LAMINATION ALUMINIUM\/PAPIER. HAUTES PERFORMANCES.<br \/>\nAdh\u00e9sif tr\u00e8s appropri\u00e9 pour la lamination de feuilles m\u00e9talliques avec de papier.<br \/>\nPermet grande vitesse de travail et donne une bonne r\u00e9sistance au thermo soudage.<\/p>\n<h4>CARACTERISTIQUES<\/h4>\n<p>Bonne performance dans de lamination aluminium-papier.<br \/>\nPermet des vitesses de machine \u00e9lev\u00e9es.<br \/>\nConforme FDA 175.105 pour contact alimentaire indirect.<\/p>\n","protected":false},"excerpt":{"rendered":"<p>COLLE EN DISPERSION AQUEUSE POUR LA LAMINATION ALUMINIUM\/PAPIER. HAUTES PERFORMANCES.<\/p>\n","protected":false},"featured_media":2978,"comment_status":"open","ping_status":"closed","template":"","meta":{"_acf_changed":false},"product_cat":[1405,1406,716,602,722,725,653],"product_tag":[],"acf":[],"_links":{"self":[{"href":"https:\/\/rayt.com\/fr\/wp-json\/wp\/v2\/product\/3340"}],"collection":[{"href":"https:\/\/rayt.com\/fr\/wp-json\/wp\/v2\/product"}],"about":[{"href":"https:\/\/rayt.com\/fr\/wp-json\/wp\/v2\/types\/product"}],"replies":[{"embeddable":true,"href":"https:\/\/rayt.com\/fr\/wp-json\/wp\/v2\/comments?post=3340"}],"wp:featuredmedia":[{"embeddable":true,"href":"https:\/\/rayt.com\/fr\/wp-json\/wp\/v2\/media\/2978"}],"wp:attachment":[{"href":"https:\/\/rayt.com\/fr\/wp-json\/wp\/v2\/media?parent=3340"}],"wp:term":[{"taxonomy":"product_cat","embeddable":true,"href":"https:\/\/rayt.com\/fr\/wp-json\/wp\/v2\/product_cat?post=3340"},{"taxonomy":"product_tag","embeddable":true,"href":"https:\/\/rayt.com\/fr\/wp-json\/wp\/v2\/product_tag?post=3340"}],"curies":[{"name":"wp","href":"https:\/\/api.w.org\/{rel}","templated":true}]}}