{"id":3344,"date":"2020-11-06T09:00:36","date_gmt":"2020-12-16T09:53:45","guid":{"rendered":"http:\/\/rayt.com\/?post_type=product&#038;p=3344"},"modified":"2021-02-19T11:36:22","modified_gmt":"2021-02-19T11:36:22","slug":"g-19-me","status":"publish","type":"product","link":"https:\/\/rayt.com\/fr\/producto\/g-19-me\/","title":{"rendered":"G-19-ME"},"content":{"rendered":"<p>ADH\u00c9SIF EN DISPERSION AQUEUSE POUR LA LAMINATION ALUMINIUM\/PAPIER. FILM METALLIS\u00c9E.<br \/>\nAdh\u00e9sif tr\u00e8s appropri\u00e9 pour la lamination de feuilles m\u00e9tallis\u00e9es avec papier.<\/p>\n<h4>CARACTERISTIQUES<\/h4>\n<p>Bonne performance dans de lamination aluminium-papier.<br \/>\nPermet des vitesses de machine \u00e9lev\u00e9es.<br \/>\nAucune odeur r\u00e9siduelle.<br \/>\nConforme FDA 175.105 pour contact alimentaire indirect.<\/p>\n","protected":false},"excerpt":{"rendered":"<p>ADH\u00c9SIF EN DISPERSION AQUEUSE POUR LA LAMINATION ALUMINIUM\/PAPIER. FILM METALLIS\u00c9E.<\/p>\n","protected":false},"featured_media":2978,"comment_status":"open","ping_status":"closed","template":"","meta":{"_acf_changed":false},"product_cat":[1405,1406,716,602,722,725,653],"product_tag":[],"acf":[],"_links":{"self":[{"href":"https:\/\/rayt.com\/fr\/wp-json\/wp\/v2\/product\/3344"}],"collection":[{"href":"https:\/\/rayt.com\/fr\/wp-json\/wp\/v2\/product"}],"about":[{"href":"https:\/\/rayt.com\/fr\/wp-json\/wp\/v2\/types\/product"}],"replies":[{"embeddable":true,"href":"https:\/\/rayt.com\/fr\/wp-json\/wp\/v2\/comments?post=3344"}],"wp:featuredmedia":[{"embeddable":true,"href":"https:\/\/rayt.com\/fr\/wp-json\/wp\/v2\/media\/2978"}],"wp:attachment":[{"href":"https:\/\/rayt.com\/fr\/wp-json\/wp\/v2\/media?parent=3344"}],"wp:term":[{"taxonomy":"product_cat","embeddable":true,"href":"https:\/\/rayt.com\/fr\/wp-json\/wp\/v2\/product_cat?post=3344"},{"taxonomy":"product_tag","embeddable":true,"href":"https:\/\/rayt.com\/fr\/wp-json\/wp\/v2\/product_tag?post=3344"}],"curies":[{"name":"wp","href":"https:\/\/api.w.org\/{rel}","templated":true}]}}