{"id":3347,"date":"2020-11-06T09:04:16","date_gmt":"2020-12-16T10:03:52","guid":{"rendered":"http:\/\/rayt.com\/?post_type=product&#038;p=3347"},"modified":"2021-02-19T11:31:35","modified_gmt":"2021-02-19T11:31:35","slug":"g-1338-li","status":"publish","type":"product","link":"https:\/\/rayt.com\/fr\/producto\/g-1338-li\/","title":{"rendered":"G-1338-LI"},"content":{"rendered":"<p>COLLE SYNTH\u00c9TIQUE POUR LE PAPIER ET LE CARTON. TRES HAUTE VITESSE DE S\u00c9CHAGE.<br \/>\nAdh\u00e9sif de viscosit\u00e9 moyenne et tr\u00e8s haute teneur en solides pour applications o\u00f9 un s\u00e9chage extr\u00eamement rapide est n\u00e9cessaire.<\/p>\n<h4>CARACTERISTIQUES<\/h4>\n<p>Assemblage des spaceurs de bouteilles dans des bo\u00eetes \u00e0 carton.<br \/>\nBon \u00e9quilibre entre adh\u00e9rence en humide et vitesse de s\u00e9chage.<br \/>\nExcellent pour des machines tr\u00e8s rapides.<\/p>\n","protected":false},"excerpt":{"rendered":"<p>COLLE SYNTH\u00c9TIQUE POUR LE PAPIER ET LE CARTON. TRES HAUTE<\/p>\n","protected":false},"featured_media":2978,"comment_status":"open","ping_status":"closed","template":"","meta":{"_acf_changed":false},"product_cat":[1406,716,602,725,653],"product_tag":[],"acf":[],"_links":{"self":[{"href":"https:\/\/rayt.com\/fr\/wp-json\/wp\/v2\/product\/3347"}],"collection":[{"href":"https:\/\/rayt.com\/fr\/wp-json\/wp\/v2\/product"}],"about":[{"href":"https:\/\/rayt.com\/fr\/wp-json\/wp\/v2\/types\/product"}],"replies":[{"embeddable":true,"href":"https:\/\/rayt.com\/fr\/wp-json\/wp\/v2\/comments?post=3347"}],"wp:featuredmedia":[{"embeddable":true,"href":"https:\/\/rayt.com\/fr\/wp-json\/wp\/v2\/media\/2978"}],"wp:attachment":[{"href":"https:\/\/rayt.com\/fr\/wp-json\/wp\/v2\/media?parent=3347"}],"wp:term":[{"taxonomy":"product_cat","embeddable":true,"href":"https:\/\/rayt.com\/fr\/wp-json\/wp\/v2\/product_cat?post=3347"},{"taxonomy":"product_tag","embeddable":true,"href":"https:\/\/rayt.com\/fr\/wp-json\/wp\/v2\/product_tag?post=3347"}],"curies":[{"name":"wp","href":"https:\/\/api.w.org\/{rel}","templated":true}]}}