{"id":3356,"date":"2020-12-16T10:08:46","date_gmt":"2020-12-16T10:17:32","guid":{"rendered":"http:\/\/rayt.com\/?post_type=product&#038;p=3356"},"modified":"2021-02-19T11:33:52","modified_gmt":"2021-02-19T11:33:52","slug":"g-14-me","status":"publish","type":"product","link":"https:\/\/rayt.com\/fr\/producto\/g-14-me\/","title":{"rendered":"G-14-ME"},"content":{"rendered":"<p>ADH\u00c9SIF EN DISPERSION AQUEUSE POUR LA LAMINATION ALUMINIUM\/PAPIER. SANS ODEUR.<br \/>\nAdh\u00e9sif tr\u00e8s appropri\u00e9 pour la lamination de feuilles m\u00e9talliques ou m\u00e9tallis\u00e9es avec papier.<\/p>\n<h4>CARACTERISTIQUES<\/h4>\n<p>Excellente performance dans des laminations OPP m\u00e9tallis\u00e9-papier.<br \/>\nPermet des vitesses de machine \u00e9lev\u00e9es.<br \/>\nAucune odeur r\u00e9siduelle.<br \/>\nConforme FDA 175.105 pour contact alimentaire indirect.<\/p>\n","protected":false},"excerpt":{"rendered":"<p>ADH\u00c9SIF EN DISPERSION AQUEUSE POUR LA LAMINATION ALUMINIUM\/PAPIER. SANS ODEUR.<\/p>\n","protected":false},"featured_media":3357,"comment_status":"open","ping_status":"closed","template":"","meta":{"_acf_changed":false},"product_cat":[1406,716,602,725,653],"product_tag":[],"acf":[],"_links":{"self":[{"href":"https:\/\/rayt.com\/fr\/wp-json\/wp\/v2\/product\/3356"}],"collection":[{"href":"https:\/\/rayt.com\/fr\/wp-json\/wp\/v2\/product"}],"about":[{"href":"https:\/\/rayt.com\/fr\/wp-json\/wp\/v2\/types\/product"}],"replies":[{"embeddable":true,"href":"https:\/\/rayt.com\/fr\/wp-json\/wp\/v2\/comments?post=3356"}],"wp:featuredmedia":[{"embeddable":true,"href":"https:\/\/rayt.com\/fr\/wp-json\/wp\/v2\/media\/3357"}],"wp:attachment":[{"href":"https:\/\/rayt.com\/fr\/wp-json\/wp\/v2\/media?parent=3356"}],"wp:term":[{"taxonomy":"product_cat","embeddable":true,"href":"https:\/\/rayt.com\/fr\/wp-json\/wp\/v2\/product_cat?post=3356"},{"taxonomy":"product_tag","embeddable":true,"href":"https:\/\/rayt.com\/fr\/wp-json\/wp\/v2\/product_tag?post=3356"}],"curies":[{"name":"wp","href":"https:\/\/api.w.org\/{rel}","templated":true}]}}