{"id":3404,"date":"2020-11-06T09:06:25","date_gmt":"2020-12-16T10:38:21","guid":{"rendered":"http:\/\/rayt.com\/?post_type=product&#038;p=3404"},"modified":"2021-02-19T11:37:48","modified_gmt":"2021-02-19T11:37:48","slug":"g-27-lm","status":"publish","type":"product","link":"https:\/\/rayt.com\/fr\/producto\/g-27-lm\/","title":{"rendered":"G-27-LM"},"content":{"rendered":"<p>ADH\u00c9SIF EN DISPERSION AQUEUSE POUR LA LAMINATION POLYPROPYL\u00c8NE\/PAPIER.<br \/>\nAdh\u00e9sif en dispersion aqueuse pour la lamination de film polypropyl\u00e8ne sur papier imprim\u00e9.<\/p>\n<h4>CARACTERISTIQUES<\/h4>\n<p>Utilisable sur la plupart des machines conventionnelles.<br \/>\nExcellente adh\u00e9rence encre-OPP.<br \/>\nFinition tr\u00e8s brillante.<\/p>\n","protected":false},"excerpt":{"rendered":"<p>ADH\u00c9SIF EN DISPERSION AQUEUSE POUR LA LAMINATION POLYPROPYL\u00c8NE\/PAPIER. Adh\u00e9sif en<\/p>\n","protected":false},"featured_media":2978,"comment_status":"open","ping_status":"closed","template":"","meta":{"_acf_changed":false},"product_cat":[1403,717,716,602,653],"product_tag":[],"acf":[],"_links":{"self":[{"href":"https:\/\/rayt.com\/fr\/wp-json\/wp\/v2\/product\/3404"}],"collection":[{"href":"https:\/\/rayt.com\/fr\/wp-json\/wp\/v2\/product"}],"about":[{"href":"https:\/\/rayt.com\/fr\/wp-json\/wp\/v2\/types\/product"}],"replies":[{"embeddable":true,"href":"https:\/\/rayt.com\/fr\/wp-json\/wp\/v2\/comments?post=3404"}],"wp:featuredmedia":[{"embeddable":true,"href":"https:\/\/rayt.com\/fr\/wp-json\/wp\/v2\/media\/2978"}],"wp:attachment":[{"href":"https:\/\/rayt.com\/fr\/wp-json\/wp\/v2\/media?parent=3404"}],"wp:term":[{"taxonomy":"product_cat","embeddable":true,"href":"https:\/\/rayt.com\/fr\/wp-json\/wp\/v2\/product_cat?post=3404"},{"taxonomy":"product_tag","embeddable":true,"href":"https:\/\/rayt.com\/fr\/wp-json\/wp\/v2\/product_tag?post=3404"}],"curies":[{"name":"wp","href":"https:\/\/api.w.org\/{rel}","templated":true}]}}