{"id":3410,"date":"2020-11-06T09:18:15","date_gmt":"2020-12-16T11:02:17","guid":{"rendered":"http:\/\/rayt.com\/?post_type=product&#038;p=3410"},"modified":"2021-02-19T11:26:31","modified_gmt":"2021-02-19T11:26:31","slug":"novopren-25","status":"publish","type":"product","link":"https:\/\/rayt.com\/fr\/producto\/novopren-25\/","title":{"rendered":"NOVOPREN 25"},"content":{"rendered":"<p>ADH\u00c9SIF \u00c0 BASE DE POLYM\u00c8RES SYNTHETIQUES DISSOUS DANS AC\u00c9TATE D&rsquo;\u00c9THYLE. BAISSE TEMP\u00c9RATURE DE R\u00c9ACTIVATION.<br \/>\nAdh\u00e9sif appropri\u00e9 pour la fabrication de capsules en aluminium pour l&rsquo;industrie d&#8217;embouteillage du vin et du champagne.<\/p>\n<h4>CARACTERISTIQUES<\/h4>\n<p>Bonne adh\u00e9sion sur PVC, polystyr\u00e8ne, aluminium, etc.<br \/>\nUtilisable dans les machines habituelles.<br \/>\nThermoscellage \u00e0 partir de 70\u00baC.<br \/>\nConforme FDA 175.105 pour contact alimentaire indirect.<\/p>\n","protected":false},"excerpt":{"rendered":"<p>ADH\u00c9SIF \u00c0 BASE DE POLYM\u00c8RES SYNTHETIQUES DISSOUS DANS AC\u00c9TATE D&rsquo;\u00c9THYLE.<\/p>\n","protected":false},"featured_media":3357,"comment_status":"open","ping_status":"closed","template":"","meta":{"_acf_changed":false},"product_cat":[1473,716,728,602,653],"product_tag":[],"acf":[],"_links":{"self":[{"href":"https:\/\/rayt.com\/fr\/wp-json\/wp\/v2\/product\/3410"}],"collection":[{"href":"https:\/\/rayt.com\/fr\/wp-json\/wp\/v2\/product"}],"about":[{"href":"https:\/\/rayt.com\/fr\/wp-json\/wp\/v2\/types\/product"}],"replies":[{"embeddable":true,"href":"https:\/\/rayt.com\/fr\/wp-json\/wp\/v2\/comments?post=3410"}],"wp:featuredmedia":[{"embeddable":true,"href":"https:\/\/rayt.com\/fr\/wp-json\/wp\/v2\/media\/3357"}],"wp:attachment":[{"href":"https:\/\/rayt.com\/fr\/wp-json\/wp\/v2\/media?parent=3410"}],"wp:term":[{"taxonomy":"product_cat","embeddable":true,"href":"https:\/\/rayt.com\/fr\/wp-json\/wp\/v2\/product_cat?post=3410"},{"taxonomy":"product_tag","embeddable":true,"href":"https:\/\/rayt.com\/fr\/wp-json\/wp\/v2\/product_tag?post=3410"}],"curies":[{"name":"wp","href":"https:\/\/api.w.org\/{rel}","templated":true}]}}